{"id":113,"date":"2018-10-01T13:29:47","date_gmt":"2018-10-01T11:29:47","guid":{"rendered":"https:\/\/www.openzink.com\/?page_id=113"},"modified":"2018-11-29T09:42:11","modified_gmt":"2018-11-29T08:42:11","slug":"contacto","status":"publish","type":"page","link":"https:\/\/www.openzink.org\/openzink-day-chiclana-2018\/contacto\/","title":{"rendered":"Contacto"},"content":{"rendered":"\n<p>Si necesitas aclarar cualquier duda sobre el evento no dudes en contactar con nosotros a trav\u00e9s del siguiente formulario.<\/p>\n\n\n<div role=\"form\" class=\"wpcf7\" id=\"wpcf7-f10-o1\" lang=\"es-ES\" dir=\"ltr\">\n<div class=\"screen-reader-response\" role=\"alert\" aria-live=\"polite\"><\/div>\n<form action=\"\/openzink-day-chiclana-2018\/wp-json\/wp\/v2\/pages\/113#wpcf7-f10-o1\" method=\"post\" class=\"wpcf7-form init\" novalidate=\"novalidate\">\n<div style=\"display: none;\">\n<input type=\"hidden\" name=\"_wpcf7\" value=\"10\" \/>\n<input type=\"hidden\" name=\"_wpcf7_version\" value=\"5.2.2\" \/>\n<input type=\"hidden\" name=\"_wpcf7_locale\" value=\"es_ES\" \/>\n<input type=\"hidden\" name=\"_wpcf7_unit_tag\" value=\"wpcf7-f10-o1\" \/>\n<input type=\"hidden\" name=\"_wpcf7_container_post\" value=\"0\" \/>\n<input type=\"hidden\" name=\"_wpcf7_posted_data_hash\" value=\"\" \/>\n<\/div>\n<p><label> <span class=\"wpcf7-form-control-wrap your-name\"><input type=\"text\" name=\"your-name\" value=\"\" size=\"40\" class=\"wpcf7-form-control wpcf7-text wpcf7-validates-as-required\" aria-required=\"true\" aria-invalid=\"false\" placeholder=\"Nombre\" \/><\/span> <\/label><\/p>\n<p><label> <span class=\"wpcf7-form-control-wrap your-email\"><input type=\"email\" name=\"your-email\" value=\"\" size=\"40\" class=\"wpcf7-form-control wpcf7-text wpcf7-email wpcf7-validates-as-required wpcf7-validates-as-email\" aria-required=\"true\" aria-invalid=\"false\" placeholder=\"Correo electr\u00f3nico\" \/><\/span> <\/label><\/p>\n<p><label> <span class=\"wpcf7-form-control-wrap your-subject\"><input type=\"text\" name=\"your-subject\" value=\"\" size=\"40\" class=\"wpcf7-form-control wpcf7-text\" aria-invalid=\"false\" placeholder=\"Asunto\" \/><\/span> <\/label><\/p>\n<p><label> <span class=\"wpcf7-form-control-wrap your-message\"><textarea name=\"your-message\" cols=\"40\" rows=\"10\" class=\"wpcf7-form-control wpcf7-textarea\" aria-invalid=\"false\" placeholder=\"Mensaje\"><\/textarea><\/span> <\/label><\/p>\n<p><label><small><span class=\"wpcf7-form-control-wrap email-respuesta\"><span class=\"wpcf7-form-control wpcf7-checkbox wpcf7-validates-as-required\"><span class=\"wpcf7-list-item first last\"><input type=\"checkbox\" name=\"email-respuesta[]\" value=\"Acepto recibir emails de respuesta a mi consulta por parte de openzink.org.\" \/><span class=\"wpcf7-list-item-label\">Acepto recibir emails de respuesta a mi consulta por parte de openzink.org.<\/span><\/span><\/span><\/span> <\/label> <em>(requerido)<\/em><\/small><br \/>\n<label><small><span class=\"wpcf7-form-control-wrap checkbox-209\"><span class=\"wpcf7-form-control wpcf7-checkbox wpcf7-validates-as-required\"><span class=\"wpcf7-list-item first last\"><input type=\"checkbox\" name=\"checkbox-209[]\" value=\"\" \/><span class=\"wpcf7-list-item-label\"><\/span><\/span><\/span><\/span> He le\u00eddo y acepto la <a href=\"https:\/\/www.openzink.org\/openzink-day-chiclana-2018\/politica-privacidad\/\" target=\"_blank\">pol\u00edtica de privacidad<\/a> de openzink.org  <\/label><em>(requerido)<\/em><\/small><\/p>\n<p><input type=\"submit\" value=\"Enviar\" class=\"wpcf7-form-control wpcf7-submit\" \/><\/p>\n<p><small><b>\u00bfQu\u00e9 hacemos con tus datos?<\/b><\/small><br \/>\n<small>En <b>openzink<\/b> te solicitamos tus datos para poder contactar contigo y poder responder a tus dudas y comentarios. <br> Una vez completemos la finalidad por la cual te los solicitamos procederemos a la eliminaci\u00f3n de los mismos. <br> Si quieres mas informaci\u00f3n sobre el tratamiento que le damos a los datos lee nuestra <a href=\"https:\/\/www.openzink.org\/openzink-day-chiclana-2018\/politica-privacidad\/\" target=\"_blank\">pol\u00edtica de privacidad<\/a> y <a href=\"https:\/\/www.openzink.org\/openzink-day-chiclana-2018\/uso-de-cookies\/\" target=\"_blank\"\">uso de cookies<\/a><\/small><br \/>\n<small><\/p>\n<ul>\n<li>Responsable de los datos: WHITE SCREEN IDEAS WORKSHOP SL.<\/li>\n<li>Finalidad de los datos: Contestar a la consulta por parte del cliente.<\/li>\n<li>Legitimaci\u00f3n: Aceptaci\u00f3n expresa de la pol\u00edtica de privacidad.<\/li>\n<li>Almacenamiento de los datos: Base de datos alojada en Comvive Servidores S.L. (UE)<\/li>\n<li>Duraci\u00f3n: Hasta la finalizaci\u00f3n de la relaci\u00f3n con el cliente.<\/li>\n<li>Derechos: En cualquier momento puedes <a href=\"https:\/\/www.openzink.org\/openzink-day-chiclana-2018\/politica-privacidad\/\" target=\"_blank\">limitar, recuperar y borrar tu informaci\u00f3n<\/a>.<\/li>\n<\/ul>\n<p><\/small><\/p>\n<div class=\"wpcf7-response-output\" role=\"alert\" aria-hidden=\"true\"><\/div><\/form><\/div>\n\n\n\n<p><\/p>\n","protected":false},"excerpt":{"rendered":"<p>Si necesitas aclarar cualquier duda sobre el evento no dudes en contactar con nosotros a trav\u00e9s del siguiente formulario.<\/p>\n","protected":false},"author":3,"featured_media":0,"parent":0,"menu_order":8,"comment_status":"closed","ping_status":"closed","template":"","meta":[],"yoast_head":"<!-- This site is optimized with the Yoast SEO plugin v14.9 - https:\/\/yoast.com\/wordpress\/plugins\/seo\/ -->\n<title>Contacto - openzink day Chiclana 2018<\/title>\n<meta name=\"robots\" content=\"index, follow, max-snippet:-1, max-image-preview:large, max-video-preview:-1\" \/>\n<link rel=\"canonical\" href=\"https:\/\/www.openzink.org\/openzink-day-chiclana-2018\/contacto\/\" \/>\n<meta property=\"og:locale\" content=\"es_ES\" \/>\n<meta property=\"og:type\" content=\"article\" \/>\n<meta property=\"og:title\" content=\"Contacto - openzink day Chiclana 2018\" \/>\n<meta property=\"og:description\" content=\"Si necesitas aclarar cualquier duda sobre el evento no dudes en contactar con nosotros a trav\u00e9s del siguiente formulario.\" \/>\n<meta property=\"og:url\" content=\"https:\/\/www.openzink.org\/openzink-day-chiclana-2018\/contacto\/\" \/>\n<meta property=\"og:site_name\" content=\"openzink day Chiclana 2018\" \/>\n<meta property=\"article:modified_time\" content=\"2018-11-29T08:42:11+00:00\" \/>\n<meta name=\"twitter:card\" content=\"summary_large_image\" \/>\n<script type=\"application\/ld+json\" class=\"yoast-schema-graph\">{\"@context\":\"https:\/\/schema.org\",\"@graph\":[{\"@type\":\"WebSite\",\"@id\":\"https:\/\/www.openzink.org\/openzink-day-chiclana-2018\/#website\",\"url\":\"https:\/\/www.openzink.org\/openzink-day-chiclana-2018\/\",\"name\":\"openzink day Chiclana 2018\",\"description\":\"e-commerce, marketing digital y negocios online\",\"potentialAction\":[{\"@type\":\"SearchAction\",\"target\":\"https:\/\/www.openzink.org\/openzink-day-chiclana-2018\/?s={search_term_string}\",\"query-input\":\"required name=search_term_string\"}],\"inLanguage\":\"es\"},{\"@type\":\"WebPage\",\"@id\":\"https:\/\/www.openzink.org\/openzink-day-chiclana-2018\/contacto\/#webpage\",\"url\":\"https:\/\/www.openzink.org\/openzink-day-chiclana-2018\/contacto\/\",\"name\":\"Contacto - openzink day Chiclana 2018\",\"isPartOf\":{\"@id\":\"https:\/\/www.openzink.org\/openzink-day-chiclana-2018\/#website\"},\"datePublished\":\"2018-10-01T11:29:47+00:00\",\"dateModified\":\"2018-11-29T08:42:11+00:00\",\"inLanguage\":\"es\",\"potentialAction\":[{\"@type\":\"ReadAction\",\"target\":[\"https:\/\/www.openzink.org\/openzink-day-chiclana-2018\/contacto\/\"]}]}]}<\/script>\n<!-- \/ Yoast SEO plugin. -->","_links":{"self":[{"href":"https:\/\/www.openzink.org\/openzink-day-chiclana-2018\/wp-json\/wp\/v2\/pages\/113"}],"collection":[{"href":"https:\/\/www.openzink.org\/openzink-day-chiclana-2018\/wp-json\/wp\/v2\/pages"}],"about":[{"href":"https:\/\/www.openzink.org\/openzink-day-chiclana-2018\/wp-json\/wp\/v2\/types\/page"}],"author":[{"embeddable":true,"href":"https:\/\/www.openzink.org\/openzink-day-chiclana-2018\/wp-json\/wp\/v2\/users\/3"}],"replies":[{"embeddable":true,"href":"https:\/\/www.openzink.org\/openzink-day-chiclana-2018\/wp-json\/wp\/v2\/comments?post=113"}],"version-history":[{"count":1,"href":"https:\/\/www.openzink.org\/openzink-day-chiclana-2018\/wp-json\/wp\/v2\/pages\/113\/revisions"}],"predecessor-version":[{"id":150,"href":"https:\/\/www.openzink.org\/openzink-day-chiclana-2018\/wp-json\/wp\/v2\/pages\/113\/revisions\/150"}],"wp:attachment":[{"href":"https:\/\/www.openzink.org\/openzink-day-chiclana-2018\/wp-json\/wp\/v2\/media?parent=113"}],"curies":[{"name":"wp","href":"https:\/\/api.w.org\/{rel}","templated":true}]}}