{"id":122,"date":"2018-09-28T12:12:00","date_gmt":"2018-09-28T10:12:00","guid":{"rendered":"https:\/\/www.openzink.com\/?page_id=9"},"modified":"2018-11-29T09:42:11","modified_gmt":"2018-11-29T08:42:11","slug":"el-evento","status":"publish","type":"page","link":"https:\/\/www.openzink.org\/openzink-day-chiclana-2018\/el-evento\/","title":{"rendered":"El evento"},"content":{"rendered":"\n<h2>\u00bfCu\u00e1ndo y d\u00f3nde es el evento?<\/h2>\n\n\n\n<p>El pr\u00f3ximo d\u00eda <strong>1 de diciembre de 2018<\/strong>, de 09:30 a 20:30 horas.<br>Tendr\u00e1 lugar en Chiclana de la Frontera (C\u00e1diz).<\/p>\n\n\n\n<h2>\u00bfDe qu\u00e9 trata este evento?<\/h2>\n\n\n\n<p>En esta ocasi\u00f3n el<strong> openzink day Chiclana 2018<\/strong> va a centrarse en el mundo del <strong>comercio electr\u00f3nico o e-commerce, marketing digital y negocios online.<\/strong><\/p>\n\n\n\n<p>Esperamos contar, como en otras ocasiones en las que hemos organizado eventos similares, con una gran asistencia, (entre 150 y 200 asistentes) con profesionales y personas interesadas en aprender y compartir.<\/p>\n\n\n\n<p>Podr\u00e1s disfrutar de charlas (de unos 30 minutos) y talleres (de unos 90 minutos) ofrecidos por reconocidos profesionales del sector, donde seguro podr\u00e1s aprender algo nuevo que poner en pr\u00e1ctica tanto en tus proyectos, como en los de tus clientes.<\/p>\n\n\n\n<p><a href=\"https:\/\/www.openzink.org\/openzink-day-chiclana-2018\/programa\/\" rel=\"noopener\">Echa un vistazo a nuestro programa&nbsp;\u00bb<\/a>.<\/p>\n\n\n\n<h2>\u00bfA qu\u00e9 p\u00fablico va dirigido este evento?<\/h2>\n\n\n\n<p>A cualquier persona interesada en el comercio electr\u00f3nico, el marketing digital o el emprendimiento online, ya sea para terceros o en sus propios proyectos.<\/p>\n\n\n\n<h2>\u00bfD\u00f3nde puedo conseguir mi entrada?<\/h2>\n\n\n\n<p>Puedes comprar tu entrada en este mismo sitio web. <br><a href=\"https:\/\/www.openzink.org\/openzink-day-chiclana-2018\/entradas\/\" rel=\"noopener\">Compra tu entrada<\/a>&nbsp;ahora y reserva tu plaza antes de que se agoten, ya que las plazas son limitadas.<\/p>\n","protected":false},"excerpt":{"rendered":"<p>\u00bfCu\u00e1ndo y d\u00f3nde es el evento? El pr\u00f3ximo d\u00eda 1 de diciembre de 2018, de 09:30 a 20:30 horas.Tendr\u00e1 lugar en Chiclana de la Frontera (C\u00e1diz). \u00bfDe qu\u00e9 trata este evento? En esta ocasi\u00f3n el openzink day Chiclana 2018 va a centrarse en el mundo del comercio electr\u00f3nico o e-commerce, marketing digital y negocios online. &hellip; <a href=\"https:\/\/www.openzink.org\/openzink-day-chiclana-2018\/el-evento\/\" class=\"more-link\">Sigue leyendo <span class=\"screen-reader-text\">El evento<\/span><\/a><\/p>\n","protected":false},"author":3,"featured_media":672,"parent":0,"menu_order":11,"comment_status":"closed","ping_status":"closed","template":"","meta":[],"yoast_head":"<!-- This site is optimized with the Yoast SEO plugin v14.9 - https:\/\/yoast.com\/wordpress\/plugins\/seo\/ -->\n<title>El evento - openzink day Chiclana 2018<\/title>\n<meta name=\"robots\" content=\"index, follow, max-snippet:-1, max-image-preview:large, max-video-preview:-1\" \/>\n<link rel=\"canonical\" href=\"https:\/\/www.openzink.org\/openzink-day-chiclana-2018\/el-evento\/\" \/>\n<meta property=\"og:locale\" content=\"es_ES\" \/>\n<meta property=\"og:type\" content=\"article\" \/>\n<meta property=\"og:title\" content=\"openzink Chiclana 2018\" \/>\n<meta property=\"og:description\" content=\"El openzink day Chiclana 2018 es un evento centrado en el mundo del comercio electr\u00f3nico o e-commerce.\" \/>\n<meta property=\"og:url\" content=\"https:\/\/www.openzink.org\/openzink-day-chiclana-2018\/el-evento\/\" \/>\n<meta property=\"og:site_name\" content=\"openzink day Chiclana 2018\" \/>\n<meta property=\"article:modified_time\" content=\"2018-11-29T08:42:11+00:00\" \/>\n<meta property=\"og:image\" content=\"https:\/\/www.openzink.org\/openzink-day-chiclana-2018\/wp-content\/uploads\/sites\/2\/2018\/10\/openzink-redes.jpg\" \/>\n\t<meta property=\"og:image:width\" content=\"1200\" \/>\n\t<meta property=\"og:image:height\" content=\"630\" \/>\n<meta name=\"twitter:card\" content=\"summary_large_image\" \/>\n<meta name=\"twitter:title\" content=\"openzink Chiclana 2018\" \/>\n<meta name=\"twitter:description\" content=\"El openzink day Chiclana 2018 es un evento centrado en el mundo del comercio electr\u00f3nico o e-commerce.\" \/>\n<meta name=\"twitter:image\" content=\"https:\/\/www.openzink.org\/openzink-day-chiclana-2018\/wp-content\/uploads\/sites\/2\/2018\/10\/openzink-redes.jpg\" \/>\n<script type=\"application\/ld+json\" class=\"yoast-schema-graph\">{\"@context\":\"https:\/\/schema.org\",\"@graph\":[{\"@type\":\"WebSite\",\"@id\":\"https:\/\/www.openzink.org\/openzink-day-chiclana-2018\/#website\",\"url\":\"https:\/\/www.openzink.org\/openzink-day-chiclana-2018\/\",\"name\":\"openzink day Chiclana 2018\",\"description\":\"e-commerce, marketing digital y negocios online\",\"potentialAction\":[{\"@type\":\"SearchAction\",\"target\":\"https:\/\/www.openzink.org\/openzink-day-chiclana-2018\/?s={search_term_string}\",\"query-input\":\"required name=search_term_string\"}],\"inLanguage\":\"es\"},{\"@type\":\"ImageObject\",\"@id\":\"https:\/\/www.openzink.org\/openzink-day-chiclana-2018\/el-evento\/#primaryimage\",\"inLanguage\":\"es\",\"url\":\"https:\/\/www.openzink.org\/openzink-day-chiclana-2018\/wp-content\/uploads\/sites\/2\/2018\/10\/el-evento-1.jpg\",\"width\":825,\"height\":350,\"caption\":\"openzink Chiclana 2018\"},{\"@type\":\"WebPage\",\"@id\":\"https:\/\/www.openzink.org\/openzink-day-chiclana-2018\/el-evento\/#webpage\",\"url\":\"https:\/\/www.openzink.org\/openzink-day-chiclana-2018\/el-evento\/\",\"name\":\"El evento - openzink day Chiclana 2018\",\"isPartOf\":{\"@id\":\"https:\/\/www.openzink.org\/openzink-day-chiclana-2018\/#website\"},\"primaryImageOfPage\":{\"@id\":\"https:\/\/www.openzink.org\/openzink-day-chiclana-2018\/el-evento\/#primaryimage\"},\"datePublished\":\"2018-09-28T10:12:00+00:00\",\"dateModified\":\"2018-11-29T08:42:11+00:00\",\"inLanguage\":\"es\",\"potentialAction\":[{\"@type\":\"ReadAction\",\"target\":[\"https:\/\/www.openzink.org\/openzink-day-chiclana-2018\/el-evento\/\"]}]}]}<\/script>\n<!-- \/ Yoast SEO plugin. -->","_links":{"self":[{"href":"https:\/\/www.openzink.org\/openzink-day-chiclana-2018\/wp-json\/wp\/v2\/pages\/122"}],"collection":[{"href":"https:\/\/www.openzink.org\/openzink-day-chiclana-2018\/wp-json\/wp\/v2\/pages"}],"about":[{"href":"https:\/\/www.openzink.org\/openzink-day-chiclana-2018\/wp-json\/wp\/v2\/types\/page"}],"author":[{"embeddable":true,"href":"https:\/\/www.openzink.org\/openzink-day-chiclana-2018\/wp-json\/wp\/v2\/users\/3"}],"replies":[{"embeddable":true,"href":"https:\/\/www.openzink.org\/openzink-day-chiclana-2018\/wp-json\/wp\/v2\/comments?post=122"}],"version-history":[{"count":18,"href":"https:\/\/www.openzink.org\/openzink-day-chiclana-2018\/wp-json\/wp\/v2\/pages\/122\/revisions"}],"predecessor-version":[{"id":1128,"href":"https:\/\/www.openzink.org\/openzink-day-chiclana-2018\/wp-json\/wp\/v2\/pages\/122\/revisions\/1128"}],"wp:featuredmedia":[{"embeddable":true,"href":"https:\/\/www.openzink.org\/openzink-day-chiclana-2018\/wp-json\/wp\/v2\/media\/672"}],"wp:attachment":[{"href":"https:\/\/www.openzink.org\/openzink-day-chiclana-2018\/wp-json\/wp\/v2\/media?parent=122"}],"curies":[{"name":"wp","href":"https:\/\/api.w.org\/{rel}","templated":true}]}}