{"id":1410,"date":"2018-11-22T15:46:03","date_gmt":"2018-11-22T14:46:03","guid":{"rendered":"https:\/\/www.openzink.org\/openzink-day-chiclana-2018\/?page_id=1410"},"modified":"2018-11-29T09:42:11","modified_gmt":"2018-11-29T08:42:11","slug":"agradecimientos-a-mario-cascon","status":"publish","type":"page","link":"https:\/\/www.openzink.org\/openzink-day-chiclana-2018\/agradecimientos-a-mario-cascon\/","title":{"rendered":"Agradecimientos a Mario Casc\u00f3n"},"content":{"rendered":"\n<div class=\"wp-block-image\"><figure class=\"aligncenter\"><img loading=\"lazy\" width=\"300\" height=\"165\" src=\"https:\/\/www.openzink.org\/openzink-day-chiclana-2018\/wp-content\/uploads\/sites\/2\/2018\/11\/mario-cascon-300x165.png\" alt=\"Dise\u00f1ador Mario Casc\u00f3n\" class=\"wp-image-1409\"\/><\/figure><\/div>\n\n\n\n<p>Agradecimientos a Mario Casc\u00f3n por el dise\u00f1o de los elementos gr\u00e1ficos del evento.<\/p>\n\n\n\n<p>Puedes ver m\u00e1s de Mario Casc\u00f3n en su p\u00e1gina en Behance <a rel=\"noreferrer noopener\" aria-label=\"Puedes ver m\u00e1s de Mario Casc\u00f3n en su p\u00e1gina en behance www.behance.net\/mariocspn (abre en una nueva pesta\u00f1a)\" href=\"https:\/\/www.behance.net\/mariocspn\" target=\"_blank\">www.behance.net\/mariocspn<\/a><\/p>\n","protected":false},"excerpt":{"rendered":"<p>Agradecimientos a Mario Casc\u00f3n por el dise\u00f1o de los elementos gr\u00e1ficos del evento. Puedes ver m\u00e1s de Mario Casc\u00f3n en su p\u00e1gina en Behance www.behance.net\/mariocspn<\/p>\n","protected":false},"author":3,"featured_media":0,"parent":0,"menu_order":0,"comment_status":"closed","ping_status":"closed","template":"","meta":[],"yoast_head":"<!-- This site is optimized with the Yoast SEO plugin v14.9 - https:\/\/yoast.com\/wordpress\/plugins\/seo\/ -->\n<title>Agradecimientos a Mario Casc\u00f3n - openzink day Chiclana 2018<\/title>\n<meta name=\"robots\" content=\"index, follow, max-snippet:-1, max-image-preview:large, max-video-preview:-1\" \/>\n<link rel=\"canonical\" href=\"https:\/\/www.openzink.org\/openzink-day-chiclana-2018\/agradecimientos-a-mario-cascon\/\" \/>\n<meta property=\"og:locale\" content=\"es_ES\" \/>\n<meta property=\"og:type\" content=\"article\" \/>\n<meta property=\"og:title\" content=\"Agradecimientos a Mario Casc\u00f3n - openzink day Chiclana 2018\" \/>\n<meta property=\"og:description\" content=\"Agradecimientos a Mario Casc\u00f3n por el dise\u00f1o de los elementos gr\u00e1ficos del evento. Puedes ver m\u00e1s de Mario Casc\u00f3n en su p\u00e1gina en Behance www.behance.net\/mariocspn\" \/>\n<meta property=\"og:url\" content=\"https:\/\/www.openzink.org\/openzink-day-chiclana-2018\/agradecimientos-a-mario-cascon\/\" \/>\n<meta property=\"og:site_name\" content=\"openzink day Chiclana 2018\" \/>\n<meta property=\"article:modified_time\" content=\"2018-11-29T08:42:11+00:00\" \/>\n<meta property=\"og:image\" content=\"https:\/\/www.openzink.org\/openzink-day-chiclana-2018\/wp-content\/uploads\/sites\/2\/2018\/11\/mario-cascon-300x165.png\" \/>\n<meta name=\"twitter:card\" content=\"summary_large_image\" \/>\n<script type=\"application\/ld+json\" class=\"yoast-schema-graph\">{\"@context\":\"https:\/\/schema.org\",\"@graph\":[{\"@type\":\"WebSite\",\"@id\":\"https:\/\/www.openzink.org\/openzink-day-chiclana-2018\/#website\",\"url\":\"https:\/\/www.openzink.org\/openzink-day-chiclana-2018\/\",\"name\":\"openzink day Chiclana 2018\",\"description\":\"e-commerce, marketing digital y negocios online\",\"potentialAction\":[{\"@type\":\"SearchAction\",\"target\":\"https:\/\/www.openzink.org\/openzink-day-chiclana-2018\/?s={search_term_string}\",\"query-input\":\"required name=search_term_string\"}],\"inLanguage\":\"es\"},{\"@type\":\"ImageObject\",\"@id\":\"https:\/\/www.openzink.org\/openzink-day-chiclana-2018\/agradecimientos-a-mario-cascon\/#primaryimage\",\"inLanguage\":\"es\",\"url\":\"https:\/\/www.openzink.org\/openzink-day-chiclana-2018\/wp-content\/uploads\/sites\/2\/2018\/11\/mario-cascon-300x165.png\"},{\"@type\":\"WebPage\",\"@id\":\"https:\/\/www.openzink.org\/openzink-day-chiclana-2018\/agradecimientos-a-mario-cascon\/#webpage\",\"url\":\"https:\/\/www.openzink.org\/openzink-day-chiclana-2018\/agradecimientos-a-mario-cascon\/\",\"name\":\"Agradecimientos a Mario Casc\\u00f3n - openzink day Chiclana 2018\",\"isPartOf\":{\"@id\":\"https:\/\/www.openzink.org\/openzink-day-chiclana-2018\/#website\"},\"primaryImageOfPage\":{\"@id\":\"https:\/\/www.openzink.org\/openzink-day-chiclana-2018\/agradecimientos-a-mario-cascon\/#primaryimage\"},\"datePublished\":\"2018-11-22T14:46:03+00:00\",\"dateModified\":\"2018-11-29T08:42:11+00:00\",\"inLanguage\":\"es\",\"potentialAction\":[{\"@type\":\"ReadAction\",\"target\":[\"https:\/\/www.openzink.org\/openzink-day-chiclana-2018\/agradecimientos-a-mario-cascon\/\"]}]}]}<\/script>\n<!-- \/ Yoast SEO plugin. -->","_links":{"self":[{"href":"https:\/\/www.openzink.org\/openzink-day-chiclana-2018\/wp-json\/wp\/v2\/pages\/1410"}],"collection":[{"href":"https:\/\/www.openzink.org\/openzink-day-chiclana-2018\/wp-json\/wp\/v2\/pages"}],"about":[{"href":"https:\/\/www.openzink.org\/openzink-day-chiclana-2018\/wp-json\/wp\/v2\/types\/page"}],"author":[{"embeddable":true,"href":"https:\/\/www.openzink.org\/openzink-day-chiclana-2018\/wp-json\/wp\/v2\/users\/3"}],"replies":[{"embeddable":true,"href":"https:\/\/www.openzink.org\/openzink-day-chiclana-2018\/wp-json\/wp\/v2\/comments?post=1410"}],"version-history":[{"count":5,"href":"https:\/\/www.openzink.org\/openzink-day-chiclana-2018\/wp-json\/wp\/v2\/pages\/1410\/revisions"}],"predecessor-version":[{"id":1415,"href":"https:\/\/www.openzink.org\/openzink-day-chiclana-2018\/wp-json\/wp\/v2\/pages\/1410\/revisions\/1415"}],"wp:attachment":[{"href":"https:\/\/www.openzink.org\/openzink-day-chiclana-2018\/wp-json\/wp\/v2\/media?parent=1410"}],"curies":[{"name":"wp","href":"https:\/\/api.w.org\/{rel}","templated":true}]}}