{"id":22,"date":"2018-09-28T12:13:18","date_gmt":"2018-09-28T10:13:18","guid":{"rendered":"https:\/\/www.openzink.com\/?page_id=22"},"modified":"2018-11-29T09:42:11","modified_gmt":"2018-11-29T08:42:11","slug":"ubicacion","status":"publish","type":"page","link":"https:\/\/www.openzink.org\/openzink-day-chiclana-2018\/ubicacion\/","title":{"rendered":"Ubicaci\u00f3n"},"content":{"rendered":"\n<ul><li><a href=\"#localizacion-evento\">\u00bfD\u00f3nde ser\u00e1 el Evento?<\/a><\/li><li><a href=\"#como-llegar-a-chiclana\">C\u00f3mo llegar a Chiclana desde distintos puntos de Espa\u00f1a<\/a><\/li><li><a href=\"#donde-alojarse-en-chiclana\">D\u00f3nde alojarte en Chiclana de la Frontera<\/a><\/li><\/ul>\n\n\n\n<div id=\"localizacion-evento\"><\/div>\n\n\n\n<h2>\u00bfD\u00f3nde ser\u00e1 el evento?<\/h2>\n\n\n\n<p>El <strong>openzink day Chiclana 2018<\/strong>\u00a0se celebrar\u00e1 en\u00a0<a href=\"https:\/\/es.wikipedia.org\/wiki\/Chiclana_de_la_Frontera\" target=\"_blank\" rel=\"noopener\">Chiclana de la Frontera, C\u00e1diz<\/a>, en el\u00a0<strong>Centro bOx.<\/strong><\/p>\n\n\n\n<p>A continuaci\u00f3n encontrar\u00e1s informaci\u00f3n sobre su localizaci\u00f3n, m\u00e9todos de contacto (como el tel\u00e9fono o el correo electr\u00f3nico) y el horario en el que abrir\u00e1n durante el evento.<\/p>\n\n\n\n<p>Para m\u00e1s informaci\u00f3n, visita su p\u00e1gina web:<br\/><a href=\"http:\/\/www.centrobox.es\/\" target=\"_blank\">http:\/\/www.centrobox.es\/<\/a><\/p>\n\n\n\n<div id=\"el-centro-box\"><\/div>\n\n\n\n<h3>Centro bOx<\/h3>\n\n\n\n<p>Calle de Severo Ochoa s\/n \u2013 11130 Chiclana de la Frontera (C\u00e1diz)<br\/><strong>Tel\u00e9fono \/ Fax:<\/strong>\u00a0956 40 60 56 \/ 956 40 60 56<br\/><strong>Correo Electr\u00f3nico:<\/strong>\u00a0administracion@centrobox.es<br\/><strong><br\/>Horario en el que se celebrar\u00e1 openzink day<\/strong><br\/><strong>S\u00e1bado 1 de diciembre\u00a0<\/strong>de 10:00 a 20:30<br\/><\/p>\n\n\n\n<iframe src=\"https:\/\/www.google.com\/maps\/embed?pb=!1m18!1m12!1m3!1d3210.310542058798!2d-6.156932684720603!3d36.42587298002736!2m3!1f0!2f0!3f0!3m2!1i1024!2i768!4f13.1!3m3!1m2!1s0xd0c3361a4d8a01f%3A0x7df46ca503959e6e!2sCentro+de+Iniciativas+Juveniles+Box!5e0!3m2!1ses!2ses!4v1538485695649\" width=\"600\" height=\"450\" frameborder=\"0\" style=\"border:0\" allowfullscreen=\"\"><\/iframe>\n\n\n\n<p>\u00a0<\/p>\n\n\n\n<hr class=\"wp-block-separator\"\/>\n\n\n\n<p>\u00a0<\/p>\n\n\n\n<div id=\"como-llegar-a-chiclana\"><\/div>\n\n\n\n<h2>C\u00f3mo llegar a Chiclana de la Frontera<\/h2>\n\n\n\n<p>Existen diferentes formas para llegar hasta Chiclana de la Frontera, siendo lo m\u00e1s habitual el uso de <a href=\"#como-llegar-a-chiclana-avion\">avi\u00f3n<\/a>, <a href=\"#como-llegar-a-chiclana-coche\">coche<\/a>, <a href=\"#como-llegar-a-chiclana-bus\">autob\u00fas<\/a> o <a href=\"#como-llegar-a-chiclana-tren\">tren<\/a>. Dependiendo de qu\u00e9 medio de transporte se adapte m\u00e1s a ti, aqu\u00ed te dejamos unas recomendaciones:<\/p>\n\n\n\n<div id=\"como-llegar-a-chiclana-avion\"><\/div>\n\n\n\n<h3>C\u00f3mo llegar en AVI\u00d3N<\/h3>\n\n\n\n<p>Una de la opciones para llegar a Chiclana de la Frontera es en avi\u00f3n. <strong>El aeropuerto m\u00e1s cercano es el de Jerez de la Frontera<\/strong>, que se encuentra a tan solo 50 km. Tiene conexiones con Madrid, Barcelona y Palma de Mallorca.<\/p>\n\n\n\n<p>Para llegar a Chiclana desde el aeropuerto no existe ning\u00fan servicio directo (es una pena), por lo que la mejor opci\u00f3n ser\u00eda coger el tren hasta San Fernando y una vez all\u00ed el bus hasta Chiclana.<\/p>\n\n\n\n<p>Si lo prefieres, existe un autob\u00fas (tres veces al d\u00eda) que llega hasta C\u00e1diz, pero no es necesario llegar hasta el final, sino que bajamos en la parada de <strong>Telegraf\u00eda sin Hilos<\/strong> y aqu\u00ed enlazamos con el que va hasta Chiclana, que pasa con m\u00e1s frecuencia. Puedes consultar la informaci\u00f3n en <a href=\"https:\/\/www.rome2rio.com\/es\/s\/Aeropuerto-de-Jerez\/Chiclana\" target=\"_blank\">www.rome2rio.com<\/a> .<\/p>\n\n\n\n<p>Otro medio ser\u00eda <strong>alquilar un coche en el mismo aeropuerto<\/strong>. Desde el aeropuerto de Jerez tomas la A4 (E5) direcci\u00f3n a C\u00e1diz, luego la A-48 (E-5) direcci\u00f3n Chiclana- Algeciras hasta la salida 3 (Chiclana- casco urbano) y ya estamos en Chiclana.<\/p>\n\n\n\n<p><strong>Otro aeropuerto es el de Sevilla.<\/strong> Este tiene conexiones con m\u00e1s puntos, Santander, Fuerteventura, Asturias, Bilbao, Alicante, La Coru\u00f1a, Ibiza, Santiago. Se encuentra aproximadamente a 140 km de Chiclana de la Frontera.<br\/>Cada media hora sale un autob\u00fas directo a la estaci\u00f3n de Santa Justa y desde aqu\u00ed un tren directo a C\u00e1diz cada una o dos horas, dependiendo del momento del d\u00eda (<a href=\"https:\/\/www.trenes.com\/horarios\/sevilla-cadiz\/\" target=\"_blank\" rel=\"noreferrer noopener\">aqu\u00ed pod\u00e9is comprobar los horarios<\/a>).\u00a0Una vez all\u00ed, un autob\u00fas os dejar\u00e1 en Chiclana.<\/p>\n\n\n\n<p><strong>Otra opci\u00f3n a barajar es el de M\u00e1laga.<\/strong> Aunque es el que m\u00e1s vuelos nacionales recibe, tambi\u00e9n es verdad que es el que se encuentra m\u00e1s alejado (unos 220 kms.). Una vez en el aeropuerto, frente a su salida, se encuentra la parada de autob\u00fas que te lleva hasta la estaci\u00f3n de autobuses de M\u00e1laga. All\u00ed coger\u00e9is la l\u00ednea 904 de la compa\u00f1\u00eda Comes, que te lleva de M\u00e1laga a Chiclana.<br\/>Recomiendan llamar para confirmar horarios. Si este no se adapta a tus necesidades, puedes coger la l\u00ednea 903 a C\u00e1diz y otro desde C\u00e1diz a Chiclana.<\/p>\n\n\n\n<p>A\u00fan queda unos meses para el evento, por lo que ahora ser\u00eda un buen momento para reservar tu vuelo y as\u00ed conseguir unos precios interesantes. Existen multitud de sitios que se dedican a recopilar los mejores precios, una de ellas es KAYAK, os dejo el enlace. Tambi\u00e9n pod\u00e9is consultar las web de las compa\u00f1\u00edas que operan en cada aeropuerto, como Iberia, Rayaner, Vueling, etc\u2026<\/p>\n\n\n\n<p><strong>M\u00e1s informaci\u00f3n en:<\/strong> <a href=\"https:\/\/www.kayak.es\/flights\/\">KAYAK<\/a><\/p>\n\n\n\n<div id=\"como-llegar-a-chiclana-coche\"><\/div>\n\n\n\n<h3>C\u00f3mo llegar en COCHE<\/h3>\n\n\n\n<p>Para los que quieran llegar hasta aqu\u00ed por sus propios medios tambi\u00e9n cabe la posibilidad de hacerlo por carretera.<\/p>\n\n\n\n<p>Desde la provincia pr\u00e1cticamente no hay ning\u00fan inconveniente, <strong>Chiclana se encuentra perfectamente comunicada<\/strong>, con muy buenas infraestructuras.<\/p>\n\n\n\n<p>Desde zona de la costa y la sierra bastar\u00eda con ir direcci\u00f3n a Jerez y de all\u00ed a Chiclana. La Janda dir\u00edamos que casi es una linea recta hasta Chiclana y el Campo de Gibraltar por la E-5 (la antigua N-340) o desde hace unos a\u00f1os tenemos la carretera de Los Barrios A-381 desde la que buscamos la A-390 (carretera de Medina) hasta Chiclana.<\/p>\n\n\n\n<p>Para los que vengan del resto de la pen\u00ednsula deber\u00edais elegir entre dos rutas.<\/p>\n\n\n\n<p><strong>Yo trazar\u00eda una l\u00ednea imaginaria entre Chiclana y Gerona<\/strong>\u00a0y todos los que queden en la\u00a0<strong>parte derecha<\/strong>, M\u00e1laga, Almer\u00eda, Murcia, Albacete, Valencia, Barcelona, etc. deben tomar la N-340 (C\u00e1diz-Barcelona, tambi\u00e9n llamada ruta del mediterr\u00e1neo). Los que hayan quedado en la\u00a0<strong>parte izquierda<\/strong>\u00a0y de Madrid hacia arriba, deber\u00edan coger hacia Madrid y desde aqu\u00ed la A-4 direcci\u00f3n a C\u00e1diz, de Madrid hacia abajo tambi\u00e9n por la A-4. Luego hay un par de excepciones como Granada o parte de Sevilla que pueden optar por la A-92 direcci\u00f3n a Sevilla o como Extremadura, Comunidad Gallega, parte oeste del norte, entre otras, que pueden elegir la Ruta de la Plata que llega hasta Sevilla.<\/p>\n\n\n\n<p>Estas rutas est\u00e1n elaboradas para que os hag\u00e1is un sencillo esquema, algo orientativo, no para que la sig\u00e1is a rajatabla.<\/p>\n\n\n\n<p><strong>Entre Sevilla y Chiclana hay unos 130 km,<\/strong>\u00a0aproximadamente una hora y media, aunque podemos elegir entre autopista de peaje o carretera nacional, mi opini\u00f3n es que no merece la pena ahorrarse los 7,20 \u20ac que cuesta el peaje ya que la otra carretera soporta mucho tr\u00e1fico industrial y agr\u00edcola y podemos encontrarnos alguna retenci\u00f3n.<\/p>\n\n\n\n<p>Si vienes\u00a0<strong>desde M\u00e1laga<\/strong>, busca la A-7 direcci\u00f3n a Algeciras donde cambias a la N-340 y vas por la costa hasta Vejer de la Frontera donde empieza la nueva A-48 (E5) y ya solo queda dejar la autov\u00eda por la salida 3 y por avenida del Mueble entramos en Chiclana. Entre M\u00e1laga y Estepona existe un tramo donde se debe pagar peaje, totalmente aconsejable, as\u00ed te evitar\u00e1s alg\u00fan atasco.<\/p>\n\n\n\n<p>No dej\u00e9is de echar un vistazo a webs estilo\u00a0<strong>Bla Bla Car,<\/strong>\u00a0ya que organizar un viaje compartido\u00a0con otros asistentes\u00a0<strong>ser\u00eda una estupenda forma de compartir gastos y comenzar a hacer comunidad y networking desde el minuto cero.<\/strong><\/p>\n\n\n\n<p><strong>M\u00e1s informaci\u00f3n:\u00a0<\/strong><a href=\"https:\/\/www.blablacar.es\/\">Bla Bla Car<\/a>\u00a0y\u00a0<a href=\"https:\/\/www.viamichelin.es\/web\/Itinerarios\">Via Michelin<\/a><\/p>\n\n\n\n<div id=\"como-llegar-a-chiclana-bus\"><\/div>\n\n\n\n<h3>C\u00f3mo llegar en AUTOB\u00daS<\/h3>\n\n\n\n<p>Otra forma de viajar que no debemos olvidar es el autob\u00fas. Pr\u00e1cticamente, cada provincia, tiene su empresa que une a varios destinos. En C\u00e1diz tenemos Transportes Generales Comes, que unen toda la provincia con bastante regularidad, casi a diario. Tambi\u00e9n existen opciones como la empresa ALSA, con destinos nacionales. Mi consejo es que cada uno se informe cual es la que opera en su ciudad o pueblo y consulte a que destinos llega.<\/p>\n\n\n\n<p><strong>M\u00e1s informaci\u00f3n:\u00a0<\/strong><a href=\"http:\/\/www.tgcomes.es\/rutas_todas.htm\">Transportes Generales Comes<\/a>\u00a0\u00a0y\u00a0<a href=\"https:\/\/www.alsa.es\/nuestros-destinos\/nacionales\">ALSA<\/a><\/p>\n\n\n\n<div id=\"como-llegar-a-chiclana-tren\"><\/div>\n\n\n\n<h3>C\u00f3mo llegar en TREN<\/h3>\n\n\n\n<p><strong>La ciudad de Chiclana no cuenta con estaci\u00f3n de tren.<\/strong>\u00a0En estos momentos se est\u00e1 construyendo la infraestructura necesaria para llevar el tranv\u00eda desde C\u00e1diz pasando por San Fernando.<\/p>\n\n\n\n<p><strong>Ahora mismo lo ideal ser\u00eda llegar hasta C\u00e1diz<\/strong>\u00a0(media y larga distancia) o hasta San Fernando (cercan\u00edas), y desde estos destinos coger uno de los frecuentes autobuses que te llevar\u00e1n hasta Chiclana.<\/p>\n\n\n\n<p><strong>Desde M\u00e1laga:<\/strong>\u00a0\u00a0Podr\u00edamos tomar el tren de M\u00e1laga a Dos Hermanas, otro tren a C\u00e1diz y al final autob\u00fas hasta Chiclana. No existe combinaci\u00f3n de tren directo a C\u00e1diz.<\/p>\n\n\n\n<p><strong>M\u00e1s informaci\u00f3n:\u00a0<\/strong><a href=\"http:\/\/www.renfe.com\/viajeros\/\">RENFE<\/a><\/p>\n\n\n\n<p>\u00a0<\/p>\n\n\n\n<hr class=\"wp-block-separator\"\/>\n\n\n\n<p>\u00a0<\/p>\n\n\n\n<div id=\"donde-alojarse-en-chiclana\"><\/div>\n\n\n\n<h2>D\u00f3nde alojarte<\/h2>\n\n\n\n<p>Como ya hemos comentado, el lugar donde se realizar\u00e1 el evento ser\u00e1 en el <a href=\"#el-centro-box\">Centro b0x<\/a>, por lo que lo ideal si no cuentas con un medio de transporte personal (por ejemplo, coche) ser\u00eda alojarte en un hotel cerca del evento.<\/p>\n\n\n\n<h3>Hoteles cercanos al evento<\/h3>\n\n\n\n<p>Existen varios hoteles y hostales relativamente cercanos (entre 10 y 15 minutos a pie), que suelen rondar entre los 45 y 55\u20ac la noche. Ejemplos de \u00e9stos son:<\/p>\n\n\n\n<ul><li><a href=\"http:\/\/www.hospederia1881.com\/\" target=\"_blank\" rel=\"noopener\">Hospeder\u00eda 1881<\/a><\/li><li><a href=\"https:\/\/www.hotelalboranchiclana.com\/\" target=\"_blank\" rel=\"noopener\">Hotel Albor\u00e1n<\/a><\/li><li><a href=\"http:\/\/www.hostalcasalalaja.com\/\">Hostal Casa la Laja<\/a><\/li><\/ul>\n\n\n\n<p><strong>NOTA:<\/strong> Nosotros no hemos podido disfrutar de sus servicios (ya que vivimos en Chiclana), pero recomendamos a aquellos que os decant\u00e9is por esta opci\u00f3n comparar opiniones y puntuaciones en p\u00e1ginas como <a href=\"https:\/\/www.booking.com\">Booking<\/a>, <a href=\"https:\/\/www.trivago.es\">trivago<\/a>\u00a0o similares.<\/p>\n\n\n\n<h3>Hoteles m\u00e1s alejados del evento<\/h3>\n\n\n\n<p>En la zona costera de Chiclana tambi\u00e9n podemos encontrar varios hoteles a muy buen precio, pero hay que tener en cuenta que muchos de estos cierran sus puertas por temporada baja.\u00a0<\/p>\n\n\n\n<p>Adem\u00e1s, para llegar al evento habr\u00eda que hacer uso de un medio de transporte, por lo que se puede optar por el autob\u00fas de l\u00ednea o un taxi.<\/p>\n\n\n\n<p>Un ejemplo de este servicio de taxi podr\u00eda ser <a href=\"http:\/\/www.teletaxichiclana.es\/\" target=\"_blank\">Teletaxi Chiclana<\/a>.<\/p>\n\n\n\n<h3>Apartamentos en Airbnb<\/h3>\n\n\n\n<p>Chiclana cuenta tambi\u00e9n con una amplia oferta de apartamentos y pisos vacacionales en Airbnb o p\u00e1ginas similares, con diferentes precios y localizaciones. Para m\u00e1s informaci\u00f3n, os recomendamos que navegu\u00e9is por <a href=\"https:\/\/www.airbnb.es\/s\/Chiclana-de-la-Frontera--C%C3%A1diz\/homes?refinement_paths%5B%5D=%2Fhomes&amp;adults=1&amp;children=0&amp;infants=0&amp;query=Chiclana%20de%20la%20Frontera%2C%20C%C3%A1diz&amp;allow_override%5B%5D=&amp;map_toggle=true&amp;zoom=15&amp;search_by_map=true&amp;sw_lat=36.40520981801763&amp;sw_lng=-6.17099276037186&amp;ne_lat=36.42903911670338&amp;ne_lng=-6.132841019344028&amp;checkin=2018-11-30&amp;checkout=2018-12-02&amp;s_tag=Qbpkibaq\">su p\u00e1gina<\/a> y busqu\u00e9is el apartamento que m\u00e1s os convenga.<\/p>\n","protected":false},"excerpt":{"rendered":"<p>\u00bfD\u00f3nde ser\u00e1 el Evento? C\u00f3mo llegar a Chiclana desde distintos puntos de Espa\u00f1a D\u00f3nde alojarte en Chiclana de la Frontera \u00bfD\u00f3nde ser\u00e1 el evento? El openzink day Chiclana 2018\u00a0se celebrar\u00e1 en\u00a0Chiclana de la Frontera, C\u00e1diz, en el\u00a0Centro bOx. A continuaci\u00f3n encontrar\u00e1s informaci\u00f3n sobre su localizaci\u00f3n, m\u00e9todos de contacto (como el tel\u00e9fono o el correo electr\u00f3nico) &hellip; <a href=\"https:\/\/www.openzink.org\/openzink-day-chiclana-2018\/ubicacion\/\" class=\"more-link\">Sigue leyendo <span class=\"screen-reader-text\">Ubicaci\u00f3n<\/span><\/a><\/p>\n","protected":false},"author":3,"featured_media":401,"parent":0,"menu_order":0,"comment_status":"closed","ping_status":"closed","template":"","meta":[],"yoast_head":"<!-- This site is optimized with the Yoast SEO plugin v14.9 - https:\/\/yoast.com\/wordpress\/plugins\/seo\/ -->\n<title>Ubicaci\u00f3n - openzink day Chiclana 2018<\/title>\n<meta name=\"robots\" content=\"index, follow, max-snippet:-1, max-image-preview:large, max-video-preview:-1\" \/>\n<link rel=\"canonical\" href=\"https:\/\/www.openzink.org\/openzink-day-chiclana-2018\/ubicacion\/\" \/>\n<meta property=\"og:locale\" content=\"es_ES\" \/>\n<meta property=\"og:type\" content=\"article\" \/>\n<meta property=\"og:title\" content=\"Ubicaci\u00f3n - openzink day Chiclana 2018\" \/>\n<meta property=\"og:description\" content=\"\u00bfD\u00f3nde ser\u00e1 el Evento? C\u00f3mo llegar a Chiclana desde distintos puntos de Espa\u00f1a D\u00f3nde alojarte en Chiclana de la Frontera \u00bfD\u00f3nde ser\u00e1 el evento? El openzink day Chiclana 2018\u00a0se celebrar\u00e1 en\u00a0Chiclana de la Frontera, C\u00e1diz, en el\u00a0Centro bOx. A continuaci\u00f3n encontrar\u00e1s informaci\u00f3n sobre su localizaci\u00f3n, m\u00e9todos de contacto (como el tel\u00e9fono o el correo electr\u00f3nico) &hellip; Sigue leyendo Ubicaci\u00f3n\" \/>\n<meta property=\"og:url\" content=\"https:\/\/www.openzink.org\/openzink-day-chiclana-2018\/ubicacion\/\" \/>\n<meta property=\"og:site_name\" content=\"openzink day Chiclana 2018\" \/>\n<meta property=\"article:modified_time\" content=\"2018-11-29T08:42:11+00:00\" \/>\n<meta property=\"og:image\" content=\"https:\/\/www.openzink.org\/openzink-day-chiclana-2018\/wp-content\/uploads\/sites\/2\/2018\/10\/evento-centro-box.jpg\" \/>\n\t<meta property=\"og:image:width\" content=\"825\" \/>\n\t<meta property=\"og:image:height\" content=\"350\" \/>\n<meta name=\"twitter:card\" content=\"summary_large_image\" \/>\n<script type=\"application\/ld+json\" class=\"yoast-schema-graph\">{\"@context\":\"https:\/\/schema.org\",\"@graph\":[{\"@type\":\"WebSite\",\"@id\":\"https:\/\/www.openzink.org\/openzink-day-chiclana-2018\/#website\",\"url\":\"https:\/\/www.openzink.org\/openzink-day-chiclana-2018\/\",\"name\":\"openzink day Chiclana 2018\",\"description\":\"e-commerce, marketing digital y negocios online\",\"potentialAction\":[{\"@type\":\"SearchAction\",\"target\":\"https:\/\/www.openzink.org\/openzink-day-chiclana-2018\/?s={search_term_string}\",\"query-input\":\"required name=search_term_string\"}],\"inLanguage\":\"es\"},{\"@type\":\"ImageObject\",\"@id\":\"https:\/\/www.openzink.org\/openzink-day-chiclana-2018\/ubicacion\/#primaryimage\",\"inLanguage\":\"es\",\"url\":\"https:\/\/www.openzink.org\/openzink-day-chiclana-2018\/wp-content\/uploads\/sites\/2\/2018\/10\/evento-centro-box.jpg\",\"width\":825,\"height\":350,\"caption\":\"Evento Centro box\"},{\"@type\":\"WebPage\",\"@id\":\"https:\/\/www.openzink.org\/openzink-day-chiclana-2018\/ubicacion\/#webpage\",\"url\":\"https:\/\/www.openzink.org\/openzink-day-chiclana-2018\/ubicacion\/\",\"name\":\"Ubicaci\\u00f3n - openzink day Chiclana 2018\",\"isPartOf\":{\"@id\":\"https:\/\/www.openzink.org\/openzink-day-chiclana-2018\/#website\"},\"primaryImageOfPage\":{\"@id\":\"https:\/\/www.openzink.org\/openzink-day-chiclana-2018\/ubicacion\/#primaryimage\"},\"datePublished\":\"2018-09-28T10:13:18+00:00\",\"dateModified\":\"2018-11-29T08:42:11+00:00\",\"inLanguage\":\"es\",\"potentialAction\":[{\"@type\":\"ReadAction\",\"target\":[\"https:\/\/www.openzink.org\/openzink-day-chiclana-2018\/ubicacion\/\"]}]}]}<\/script>\n<!-- \/ Yoast SEO plugin. -->","_links":{"self":[{"href":"https:\/\/www.openzink.org\/openzink-day-chiclana-2018\/wp-json\/wp\/v2\/pages\/22"}],"collection":[{"href":"https:\/\/www.openzink.org\/openzink-day-chiclana-2018\/wp-json\/wp\/v2\/pages"}],"about":[{"href":"https:\/\/www.openzink.org\/openzink-day-chiclana-2018\/wp-json\/wp\/v2\/types\/page"}],"author":[{"embeddable":true,"href":"https:\/\/www.openzink.org\/openzink-day-chiclana-2018\/wp-json\/wp\/v2\/users\/3"}],"replies":[{"embeddable":true,"href":"https:\/\/www.openzink.org\/openzink-day-chiclana-2018\/wp-json\/wp\/v2\/comments?post=22"}],"version-history":[{"count":8,"href":"https:\/\/www.openzink.org\/openzink-day-chiclana-2018\/wp-json\/wp\/v2\/pages\/22\/revisions"}],"predecessor-version":[{"id":385,"href":"https:\/\/www.openzink.org\/openzink-day-chiclana-2018\/wp-json\/wp\/v2\/pages\/22\/revisions\/385"}],"wp:featuredmedia":[{"embeddable":true,"href":"https:\/\/www.openzink.org\/openzink-day-chiclana-2018\/wp-json\/wp\/v2\/media\/401"}],"wp:attachment":[{"href":"https:\/\/www.openzink.org\/openzink-day-chiclana-2018\/wp-json\/wp\/v2\/media?parent=22"}],"curies":[{"name":"wp","href":"https:\/\/api.w.org\/{rel}","templated":true}]}}