{"id":291,"date":"2018-10-03T10:51:36","date_gmt":"2018-10-03T08:51:36","guid":{"rendered":"https:\/\/www.openzink.org\/openzink-day-chiclana-2018\/?page_id=291"},"modified":"2018-11-29T09:42:11","modified_gmt":"2018-11-29T08:42:11","slug":"aviso-legal","status":"publish","type":"page","link":"https:\/\/www.openzink.org\/openzink-day-chiclana-2018\/aviso-legal\/","title":{"rendered":"Aviso Legal y Condiciones Generales de uso"},"content":{"rendered":"\n<p><strong>AVISO E INFORMACI\u00d3N LEGAL<\/strong><\/p>\n\n\n\n<p><strong>CONDICIONES GENERALES DE ACCESO Y USO DEL SITIO WEB Y SUS CONTENIDOS<\/strong><\/p>\n\n\n\n<p><strong>1.- INFORMACI\u00d3N LEGAL.<\/strong><\/p>\n\n\n\n<p><strong>1.1 .- Titular del sitio web<\/strong><\/p>\n\n\n\n<p>WHITE SCREEN IDEAS WORKSHOP SL<\/p>\n\n\n\n<p>CIF B72335805<\/p>\n\n\n\n<p>Avda. de la industria, 30<br\/>11130 Chiclana de la Frontera<br\/>C\u00e1diz<br\/>Espa\u00f1a<\/p>\n\n\n\n<p>(En adelante en este documento\u00a0<strong>openzink<\/strong>)<\/p>\n\n\n\n<p><strong>1.2.- Finalidad<\/strong><\/p>\n\n\n\n<p>La finalidad de este sitio web es la de informar sobre los eventos y actividades que desarrolla<strong> openzink<\/strong>.<\/p>\n\n\n\n<p><strong>1.3.- Responsable del tratamiento de datos personales<\/strong><\/p>\n\n\n\n<p>Datos de contacto del responsable: Roberto Miralles (roberto@openzink.org)<\/p>\n\n\n\n<p><strong>2.- CONDICI\u00d3N DE USUARIO.<\/strong><\/p>\n\n\n\n<p>Cuando accedes a este sitio web y\/o a sus contenidos adquieres la condici\u00f3n de Usuario, y est\u00e1s obligado al cumplimiento de estas Condiciones Generales de Acceso y Uso, as\u00ed como de las Condiciones Particulares de cada contenido o servicio en su caso, lo que aceptas de manera expresa.<\/p>\n\n\n\n<p><strong>3.- REQUISITOS M\u00cdNIMOS<\/strong><\/p>\n\n\n\n<p>Para una buena visualizaci\u00f3n y acceso al sitio web y a los contenidos se requiere:<\/p>\n\n\n\n<p>Sistema Operativo Windows 10 o superior, Mac OS High Sierra o superior.<br\/>Navegador IE 10 o superior, Mozilla Firefox 59.0, Chrome 65.0\u00a0 o superior.<\/p>\n\n\n\n<p><strong>4.- POL\u00cdTICA DE PRIVACIDAD. PROTECCI\u00d3N DE DATOS PERSONALES<\/strong><\/p>\n\n\n\n<p>Para informaci\u00f3n sobre nuestra pol\u00edtica de privacidad y uso de datos personales, por favor, accede a nuestra secci\u00f3n\u00a0<a href=\"https:\/\/www.mowomo.com\/politica-de-privacidad\/\" target=\"_blank\" rel=\"noreferrer noopener\">pol\u00edtica de privacidad<\/a><\/p>\n\n\n\n<p><strong>8.- USO DE COOKIES<\/strong><\/p>\n\n\n\n<p>Esta Web utiliza Cookies. Las cookies son peque\u00f1os ficheros de texto mantenidos por el propio navegador que almacenan informaci\u00f3n sobre la personalizaci\u00f3n del usuario para cada sitio web.<\/p>\n\n\n\n<p>Puedes visitar nuestra\u00a0<a href=\"https:\/\/www.mowomo.com\/uso-de-cookies\/\" target=\"_blank\" rel=\"noreferrer noopener\">pol\u00edtica de uso de cookies<\/a>\u00a0para m\u00e1s informaci\u00f3n.<\/p>\n\n\n\n<p>Puedes revisar las cookies que has aceptado pulsando en tus\u00a0Preferencias sobre privacidad<\/p>\n\n\n\n<p><strong>9<\/strong><strong>.- ENLACES<\/strong><\/p>\n\n\n\n<p><strong>openzink<\/strong> no se responsabiliza del contenido de los sitios webs de terceros enlazados con sus sitios web, de manera entrante o saliente, ya que no puede controlar el contenido de estos terceros sitios webs, siendo responsabilidad exclusiva de su respectivo propietario.<\/p>\n\n\n\n<p><strong>10.- EXENCI\u00d3N DE GARANT\u00cdAS<\/strong><\/p>\n\n\n\n<p><strong>openzink<\/strong> no garantiza la satisfacci\u00f3n del Usuario por el acceso al sitio web y\/o a los contenidos.<\/p>\n\n\n\n<p><strong>openzink<\/strong> no se hace responsable de cualquier reclamaci\u00f3n por el da\u00f1o que el uso o acceso al sitio web o a los contenidos por parte del Usuario pudiera causar al Usuario o a terceros, lo que el Usuario acepta de manera expresa, exonerando a <strong>openzink<\/strong> de cualquier responsabilidad al respecto y asumiendo el Usuario toda responsabilidad.<\/p>\n\n\n\n<h2><strong>11.- RESERVA DE DERECHOS<\/strong><\/h2>\n\n\n\n<p><strong>openzink<\/strong> se reserva el derecho a modificar sin previo aviso las presentes Condiciones Generales, por lo que se te recomienda que las leas en cada visita o si dispones de un servicio contratado, las revises regularmente.<br\/><strong>openzink<\/strong> se reserva el derecho a suspender, cancelar, modificar o eliminar cualquier contenido sin previo aviso.<\/p>\n\n\n\n<p><strong>12.- JURISDICCI\u00d3N Y NULIDAD PARCIAL<\/strong><\/p>\n\n\n\n<p>El Usuario y <strong>openzink<\/strong> se someten a los Tribunales de la ciudad de Chiclana de la Frontera con renuncia de su fuero propio para la resoluci\u00f3n de cualquier punto de este contrato.<br\/>En el caso que se declarase judicialmente nula alguna de las cl\u00e1usulas de este contrato, las dem\u00e1s seguir\u00e1n plenamente vigentes.<\/p>\n\n\n\n<h2><strong>13.- CONTACTO<\/strong><\/h2>\n\n\n\n<p>Puedes contactar con nosotros de diferentes maneras:<br\/>1.- A trav\u00e9s del formulario de la web en\u00a0<a href=\"https:\/\/www.mowomo.com\/contacto\/\">https:\/\/www.openzink.org\/contacto\/<\/a><br\/>2.- En nuestra direcci\u00f3n f\u00edsica:<\/p>\n\n\n\n<p>Avda. de la industria, 30<br\/>11130 Chiclana de la Frontera<br\/>C\u00e1diz<br\/>Espa\u00f1a<\/p>\n\n\n\n<p>=====================================<br\/>\u00daltima actualizaci\u00f3n 3 de octubre de 2018<br\/>=====================================<\/p>\n","protected":false},"excerpt":{"rendered":"<p>AVISO E INFORMACI\u00d3N LEGAL CONDICIONES GENERALES DE ACCESO Y USO DEL SITIO WEB Y SUS CONTENIDOS 1.- INFORMACI\u00d3N LEGAL. 1.1 .- Titular del sitio web WHITE SCREEN IDEAS WORKSHOP SL CIF B72335805 Avda. de la industria, 3011130 Chiclana de la FronteraC\u00e1dizEspa\u00f1a (En adelante en este documento\u00a0openzink) 1.2.- Finalidad La finalidad de este sitio web es &hellip; <a href=\"https:\/\/www.openzink.org\/openzink-day-chiclana-2018\/aviso-legal\/\" class=\"more-link\">Sigue leyendo <span class=\"screen-reader-text\">Aviso Legal y Condiciones Generales de uso<\/span><\/a><\/p>\n","protected":false},"author":3,"featured_media":0,"parent":0,"menu_order":4,"comment_status":"closed","ping_status":"closed","template":"","meta":[],"yoast_head":"<!-- This site is optimized with the Yoast SEO plugin v14.9 - https:\/\/yoast.com\/wordpress\/plugins\/seo\/ -->\n<title>Aviso Legal y Condiciones Generales de uso - openzink day Chiclana 2018<\/title>\n<meta name=\"robots\" content=\"index, follow, max-snippet:-1, max-image-preview:large, max-video-preview:-1\" \/>\n<link rel=\"canonical\" href=\"https:\/\/www.openzink.org\/openzink-day-chiclana-2018\/aviso-legal\/\" \/>\n<meta property=\"og:locale\" content=\"es_ES\" \/>\n<meta property=\"og:type\" content=\"article\" \/>\n<meta property=\"og:title\" content=\"Aviso Legal y Condiciones Generales de uso - openzink day Chiclana 2018\" \/>\n<meta property=\"og:description\" content=\"AVISO E INFORMACI\u00d3N LEGAL CONDICIONES GENERALES DE ACCESO Y USO DEL SITIO WEB Y SUS CONTENIDOS 1.- INFORMACI\u00d3N LEGAL. 1.1 .- Titular del sitio web WHITE SCREEN IDEAS WORKSHOP SL CIF B72335805 Avda. de la industria, 3011130 Chiclana de la FronteraC\u00e1dizEspa\u00f1a (En adelante en este documento\u00a0openzink) 1.2.- Finalidad La finalidad de este sitio web es &hellip; Sigue leyendo Aviso Legal y Condiciones Generales de uso\" \/>\n<meta property=\"og:url\" content=\"https:\/\/www.openzink.org\/openzink-day-chiclana-2018\/aviso-legal\/\" \/>\n<meta property=\"og:site_name\" content=\"openzink day Chiclana 2018\" \/>\n<meta property=\"article:modified_time\" content=\"2018-11-29T08:42:11+00:00\" \/>\n<meta name=\"twitter:card\" content=\"summary_large_image\" \/>\n<script type=\"application\/ld+json\" class=\"yoast-schema-graph\">{\"@context\":\"https:\/\/schema.org\",\"@graph\":[{\"@type\":\"WebSite\",\"@id\":\"https:\/\/www.openzink.org\/openzink-day-chiclana-2018\/#website\",\"url\":\"https:\/\/www.openzink.org\/openzink-day-chiclana-2018\/\",\"name\":\"openzink day Chiclana 2018\",\"description\":\"e-commerce, marketing digital y negocios online\",\"potentialAction\":[{\"@type\":\"SearchAction\",\"target\":\"https:\/\/www.openzink.org\/openzink-day-chiclana-2018\/?s={search_term_string}\",\"query-input\":\"required name=search_term_string\"}],\"inLanguage\":\"es\"},{\"@type\":\"WebPage\",\"@id\":\"https:\/\/www.openzink.org\/openzink-day-chiclana-2018\/aviso-legal\/#webpage\",\"url\":\"https:\/\/www.openzink.org\/openzink-day-chiclana-2018\/aviso-legal\/\",\"name\":\"Aviso Legal y Condiciones Generales de uso - openzink day Chiclana 2018\",\"isPartOf\":{\"@id\":\"https:\/\/www.openzink.org\/openzink-day-chiclana-2018\/#website\"},\"datePublished\":\"2018-10-03T08:51:36+00:00\",\"dateModified\":\"2018-11-29T08:42:11+00:00\",\"inLanguage\":\"es\",\"potentialAction\":[{\"@type\":\"ReadAction\",\"target\":[\"https:\/\/www.openzink.org\/openzink-day-chiclana-2018\/aviso-legal\/\"]}]}]}<\/script>\n<!-- \/ Yoast SEO plugin. -->","_links":{"self":[{"href":"https:\/\/www.openzink.org\/openzink-day-chiclana-2018\/wp-json\/wp\/v2\/pages\/291"}],"collection":[{"href":"https:\/\/www.openzink.org\/openzink-day-chiclana-2018\/wp-json\/wp\/v2\/pages"}],"about":[{"href":"https:\/\/www.openzink.org\/openzink-day-chiclana-2018\/wp-json\/wp\/v2\/types\/page"}],"author":[{"embeddable":true,"href":"https:\/\/www.openzink.org\/openzink-day-chiclana-2018\/wp-json\/wp\/v2\/users\/3"}],"replies":[{"embeddable":true,"href":"https:\/\/www.openzink.org\/openzink-day-chiclana-2018\/wp-json\/wp\/v2\/comments?post=291"}],"version-history":[{"count":3,"href":"https:\/\/www.openzink.org\/openzink-day-chiclana-2018\/wp-json\/wp\/v2\/pages\/291\/revisions"}],"predecessor-version":[{"id":295,"href":"https:\/\/www.openzink.org\/openzink-day-chiclana-2018\/wp-json\/wp\/v2\/pages\/291\/revisions\/295"}],"wp:attachment":[{"href":"https:\/\/www.openzink.org\/openzink-day-chiclana-2018\/wp-json\/wp\/v2\/media?parent=291"}],"curies":[{"name":"wp","href":"https:\/\/api.w.org\/{rel}","templated":true}]}}