{"id":660,"date":"2018-10-15T12:28:02","date_gmt":"2018-10-15T10:28:02","guid":{"rendered":"https:\/\/www.openzink.org\/openzink-day-chiclana-2018\/?page_id=660"},"modified":"2018-11-29T09:42:11","modified_gmt":"2018-11-29T08:42:11","slug":"uso-de-cookies","status":"publish","type":"page","link":"https:\/\/www.openzink.org\/openzink-day-chiclana-2018\/uso-de-cookies\/","title":{"rendered":"Uso de cookies"},"content":{"rendered":"<h3>\u00bfQu\u00e9 es una cookie?<\/h3>\n<p>Las cookies son peque\u00f1os archivos que algunas plataformas, como las p\u00e1ginas web, pueden instalar en tu ordenador. Sus funciones pueden ser muy variadas: almacenar tus preferencias de navegaci\u00f3n, recopilar informaci\u00f3n estad\u00edstica, permitir ciertas funcionalidades t\u00e9cnicas\u2026 En ocasiones, las cookies se utilizan para almacenar informaci\u00f3n b\u00e1sica sobre los h\u00e1bitos de navegaci\u00f3n del usuario o de su equipo, hasta el punto, seg\u00fan los casos, de poder reconocerlo.<\/p>\n<h3>\u00bfPor qu\u00e9 son importantes?<\/h3>\n<p>Las cookies son \u00fatiles por varios motivos. Desde un punto de vista t\u00e9cnico, permiten que las p\u00e1ginas web funcionen de forma m\u00e1s \u00e1gil y adaptada a tus preferencias, como por ejemplo almacenar tu idioma o la moneda de tu pa\u00eds. Adem\u00e1s, ayudan a los responsables de los sitios web a mejorar sus servicios, gracias a la informaci\u00f3n estad\u00edstica que recogen a trav\u00e9s de ellas. Finalmente, sirven para hacer m\u00e1s eficiente la publicidad que te mostramos, gracias a la cual te podemos ofrecer nuestros servicios de forma gratuita.<\/p>\n<h3>\u00bfQu\u00e9 tipos de cookies utiliza esta web?<\/h3>\n<p>En esta p\u00e1gina utilizamos dos tipos de cookies:<\/p>\n<ul>\n<li>Cookies de an\u00e1lisis estad\u00edstico: son aqu\u00e9llas que, bien tratadas por nosotros o por terceros, nos permiten cuantificar el n\u00famero de visitantes y analizar estad\u00edsticamente la utilizaci\u00f3n que hacen los usuarios de nuestros servicios. Gracias a ello podemos estudiar la navegaci\u00f3n por nuestra p\u00e1gina web, y mejorar as\u00ed la oferta de productos o servicios que te ofrecemos.<\/li>\n<li>Cookies publicitarias: son aqu\u00e9llas que, bien tratadas por nosotros o por terceros, nos permiten gestionar eficazmente los espacios publicitarios de nuestro sitio web, adecuando el contenido del anuncio al contenido del servicio solicitado o al uso que realices de nuestra p\u00e1gina web. Gracias a ella podemos conocer tus h\u00e1bitos de navegaci\u00f3n en Internet y mostrarte publicidad relacionada con tu perfil de navegaci\u00f3n.<\/li>\n<\/ul>\n<h3>\u00bfQu\u00e9 cookies utiliza esta web?<\/h3>\n<p>A continuaci\u00f3n te indicamos las cookies que usamos, su duraci\u00f3n y dem\u00e1s informaci\u00f3n que puede ser de utilidad para ti.<\/p>\n<table>\n<tbody>\n<tr>\n<th>Nombre<\/th>\n<th>Descripcion<\/th>\n<th>Duraci\u00f3n<\/th>\n<\/tr>\n<tr>\n<td>_ga<\/td>\n<td>Cookie de Google Analytics para datos de navegaci\u00f3n.<\/td>\n<td>72 horas<\/td>\n<\/tr>\n<tr>\n<td>_gat<\/td>\n<td>Cookie de Google Analytics para datos de navegaci\u00f3n.<\/td>\n<td>1 minuto<\/td>\n<\/tr>\n<tr>\n<td>_gid<\/td>\n<td>Cookie de Google Analytics para datos de navegaci\u00f3n.<\/td>\n<td>24 horas<\/td>\n<\/tr>\n<tr>\n<td>gdpr[allowed_cookies]<\/td>\n<td>Cookie de confirmaci\u00f3n de las pol\u00edticas de privacidad.<\/td>\n<td>1 a\u00f1o<\/td>\n<\/tr>\n<tr>\n<td>gdpr[consent_type]<\/td>\n<td>Cookie de confirmaci\u00f3n de las pol\u00edticas de privacidad.<\/td>\n<td>1 a\u00f1o<\/td>\n<\/tr>\n<tr>\n<td>IDE<\/td>\n<td>Cookie publicitaria de Google doubleclick.com.<\/td>\n<td>1 a\u00f1o<\/td>\n<\/tr>\n<tr>\n<td>NID<\/td>\n<td>Cookie perteneciente a Google Maps<\/td>\n<td>6 meses<\/td>\n<\/tr>\n<\/tbody>\n<\/table>\n<p>Si deseas gestionar las cookies que has aceptado, accede a <button type=\"button\" class=\"gdpr-preferences\" data-tab=\"gdpr-consent-management\">Preferencias sobre privacidad<\/button><\/p>\n<h3><strong>Sobre las cookies de GOOGLE ANALYTICS y su pol\u00edtica de privacidad<\/strong><\/h3>\n<p>Este sitio utiliza Google Analytics, un servicio anal\u00edtico de web prestado por Google, Inc., una compa\u00f1\u00eda de Delaware cuya oficina principal est\u00e1 en 1600 Amphitheatre Parkway, Mountain View (California), CA 94043, Estados Unidos (Google).\u00a0Puedes ver m\u00e1s informaci\u00f3n sobre la pol\u00edtica de privacidad de Google en el siguiente documento\u00a0<a href=\"https:\/\/policies.google.com\/privacy?hl=es\" target=\"_blank\" rel=\"noopener\">https:\/\/policies.google.com\/privacy?hl=es<\/a><\/p>\n<h3>\u00bfC\u00f3mo las puedo configurar?<\/h3>\n<p>Puedes permitir, bloquear o eliminar las cookies instaladas en tu equipo mediante la configuraci\u00f3n de las opciones de tu navegador de Internet. A continuaci\u00f3n te ofrecemos enlaces a las p\u00e1ginas de algunos de los navegadores m\u00e1s populares, en las que encontrar\u00e1s las instrucciones para administrar cookies:<\/p>\n<ul>\n<li><a title=\"C\u00f3mo administrar cookies y datos de sitios\" href=\"https:\/\/support.google.com\/chrome\/answer\/95647\" target=\"_blank\" rel=\"noopener\">Google Chrome<\/a><\/li>\n<li><a title=\"Habilitar y deshabilitar cookies que los sitios web utilizan para rastrear tus preferencias\" href=\"http:\/\/support.mozilla.org\/es\/kb\/habilitar-y-deshabilitar-cookies-que-los-sitios-we\" target=\"_blank\" rel=\"noopener\">Mozilla Firefox<\/a><\/li>\n<li><a title=\"Eliminar y administrar cookies\" href=\"http:\/\/windows.microsoft.com\/es-xl\/internet-explorer\/delete-manage-cookies#ie=ie-10\" target=\"_blank\" rel=\"noopener\">Internet Explorer<\/a><\/li>\n<li><a title=\"iOS: Ajustes web de Safari\" href=\"http:\/\/support.apple.com\/kb\/HT1677?viewlocale=es_ES\" target=\"_blank\" rel=\"noopener\">Safari<\/a><\/li>\n<\/ul>\n","protected":false},"excerpt":{"rendered":"<p>\u00bfQu\u00e9 es una cookie? Las cookies son peque\u00f1os archivos que algunas plataformas, como las p\u00e1ginas web, pueden instalar en tu ordenador. Sus funciones pueden ser muy variadas: almacenar tus preferencias de navegaci\u00f3n, recopilar informaci\u00f3n estad\u00edstica, permitir ciertas funcionalidades t\u00e9cnicas\u2026 En ocasiones, las cookies se utilizan para almacenar informaci\u00f3n b\u00e1sica sobre los h\u00e1bitos de navegaci\u00f3n del &hellip; <a href=\"https:\/\/www.openzink.org\/openzink-day-chiclana-2018\/uso-de-cookies\/\" class=\"more-link\">Sigue leyendo <span class=\"screen-reader-text\">Uso de cookies<\/span><\/a><\/p>\n","protected":false},"author":3,"featured_media":0,"parent":0,"menu_order":0,"comment_status":"closed","ping_status":"closed","template":"","meta":[],"yoast_head":"<!-- This site is optimized with the Yoast SEO plugin v14.9 - https:\/\/yoast.com\/wordpress\/plugins\/seo\/ -->\n<title>Uso de cookies - openzink day Chiclana 2018<\/title>\n<meta name=\"robots\" content=\"index, follow, max-snippet:-1, max-image-preview:large, max-video-preview:-1\" \/>\n<link rel=\"canonical\" href=\"https:\/\/www.openzink.org\/openzink-day-chiclana-2018\/uso-de-cookies\/\" \/>\n<meta property=\"og:locale\" content=\"es_ES\" \/>\n<meta property=\"og:type\" content=\"article\" \/>\n<meta property=\"og:title\" content=\"Uso de cookies - openzink day Chiclana 2018\" \/>\n<meta property=\"og:description\" content=\"\u00bfQu\u00e9 es una cookie? Las cookies son peque\u00f1os archivos que algunas plataformas, como las p\u00e1ginas web, pueden instalar en tu ordenador. Sus funciones pueden ser muy variadas: almacenar tus preferencias de navegaci\u00f3n, recopilar informaci\u00f3n estad\u00edstica, permitir ciertas funcionalidades t\u00e9cnicas\u2026 En ocasiones, las cookies se utilizan para almacenar informaci\u00f3n b\u00e1sica sobre los h\u00e1bitos de navegaci\u00f3n del &hellip; Sigue leyendo Uso de cookies\" \/>\n<meta property=\"og:url\" content=\"https:\/\/www.openzink.org\/openzink-day-chiclana-2018\/uso-de-cookies\/\" \/>\n<meta property=\"og:site_name\" content=\"openzink day Chiclana 2018\" \/>\n<meta property=\"article:modified_time\" content=\"2018-11-29T08:42:11+00:00\" \/>\n<meta name=\"twitter:card\" content=\"summary_large_image\" \/>\n<script type=\"application\/ld+json\" class=\"yoast-schema-graph\">{\"@context\":\"https:\/\/schema.org\",\"@graph\":[{\"@type\":\"WebSite\",\"@id\":\"https:\/\/www.openzink.org\/openzink-day-chiclana-2018\/#website\",\"url\":\"https:\/\/www.openzink.org\/openzink-day-chiclana-2018\/\",\"name\":\"openzink day Chiclana 2018\",\"description\":\"e-commerce, marketing digital y negocios online\",\"potentialAction\":[{\"@type\":\"SearchAction\",\"target\":\"https:\/\/www.openzink.org\/openzink-day-chiclana-2018\/?s={search_term_string}\",\"query-input\":\"required name=search_term_string\"}],\"inLanguage\":\"es\"},{\"@type\":\"WebPage\",\"@id\":\"https:\/\/www.openzink.org\/openzink-day-chiclana-2018\/uso-de-cookies\/#webpage\",\"url\":\"https:\/\/www.openzink.org\/openzink-day-chiclana-2018\/uso-de-cookies\/\",\"name\":\"Uso de cookies - openzink day Chiclana 2018\",\"isPartOf\":{\"@id\":\"https:\/\/www.openzink.org\/openzink-day-chiclana-2018\/#website\"},\"datePublished\":\"2018-10-15T10:28:02+00:00\",\"dateModified\":\"2018-11-29T08:42:11+00:00\",\"inLanguage\":\"es\",\"potentialAction\":[{\"@type\":\"ReadAction\",\"target\":[\"https:\/\/www.openzink.org\/openzink-day-chiclana-2018\/uso-de-cookies\/\"]}]}]}<\/script>\n<!-- \/ Yoast SEO plugin. -->","_links":{"self":[{"href":"https:\/\/www.openzink.org\/openzink-day-chiclana-2018\/wp-json\/wp\/v2\/pages\/660"}],"collection":[{"href":"https:\/\/www.openzink.org\/openzink-day-chiclana-2018\/wp-json\/wp\/v2\/pages"}],"about":[{"href":"https:\/\/www.openzink.org\/openzink-day-chiclana-2018\/wp-json\/wp\/v2\/types\/page"}],"author":[{"embeddable":true,"href":"https:\/\/www.openzink.org\/openzink-day-chiclana-2018\/wp-json\/wp\/v2\/users\/3"}],"replies":[{"embeddable":true,"href":"https:\/\/www.openzink.org\/openzink-day-chiclana-2018\/wp-json\/wp\/v2\/comments?post=660"}],"version-history":[{"count":1,"href":"https:\/\/www.openzink.org\/openzink-day-chiclana-2018\/wp-json\/wp\/v2\/pages\/660\/revisions"}],"predecessor-version":[{"id":661,"href":"https:\/\/www.openzink.org\/openzink-day-chiclana-2018\/wp-json\/wp\/v2\/pages\/660\/revisions\/661"}],"wp:attachment":[{"href":"https:\/\/www.openzink.org\/openzink-day-chiclana-2018\/wp-json\/wp\/v2\/media?parent=660"}],"curies":[{"name":"wp","href":"https:\/\/api.w.org\/{rel}","templated":true}]}}