{"id":830,"date":"2018-10-23T10:17:36","date_gmt":"2018-10-23T08:17:36","guid":{"rendered":"https:\/\/www.openzink.org\/openzink-day-chiclana-2018\/?page_id=830"},"modified":"2018-11-29T09:42:11","modified_gmt":"2018-11-29T08:42:11","slug":"yith","status":"publish","type":"page","link":"https:\/\/www.openzink.org\/openzink-day-chiclana-2018\/patrocinadores\/yith\/","title":{"rendered":"Patrocinador ORO: YITH"},"content":{"rendered":"\n<p>\u00abEn&nbsp;<a href=\"http:\/\/yithemes.com\/\" target=\"_blank\" rel=\"noreferrer noopener\">YITH<\/a>&nbsp;desarrollamos temas y plugins innovadores para sitios web basados en WooCommerce. Durante a\u00f1os nuestra filosof\u00eda ha estado basada en la simplicidad y la efectividad como conceptos b\u00e1sicos requeridos en cualquier negocio online profesional.<\/p>\n\n\n\n<p>Nuestra joya de la corona, lo que nos enorgullece, es la alta calidad de nuestro servicio de soporte, a trav\u00e9s del cual cuidamos de nuestros clientes d\u00eda tras d\u00eda, nunca como un n\u00famero, sino como personas con cara, nombre y una profunda historia por la que nos preocupamos.\u00bb<br><a href=\"https:\/\/yithemes.com\/\" target=\"_blank\" rel=\"noreferrer noopener nofollow\">https:\/\/yithemes.com\/<\/a><\/p>\n","protected":false},"excerpt":{"rendered":"<p>\u00abEn&nbsp;YITH&nbsp;desarrollamos temas y plugins innovadores para sitios web basados en WooCommerce. Durante a\u00f1os nuestra filosof\u00eda ha estado basada en la simplicidad y la efectividad como conceptos b\u00e1sicos requeridos en cualquier negocio online profesional. Nuestra joya de la corona, lo que nos enorgullece, es la alta calidad de nuestro servicio de soporte, a trav\u00e9s del cual &hellip; <a href=\"https:\/\/www.openzink.org\/openzink-day-chiclana-2018\/patrocinadores\/yith\/\" class=\"more-link\">Sigue leyendo <span class=\"screen-reader-text\">Patrocinador ORO: YITH<\/span><\/a><\/p>\n","protected":false},"author":3,"featured_media":502,"parent":29,"menu_order":0,"comment_status":"closed","ping_status":"closed","template":"","meta":[],"yoast_head":"<!-- This site is optimized with the Yoast SEO plugin v14.9 - https:\/\/yoast.com\/wordpress\/plugins\/seo\/ -->\n<title>Patrocinador ORO: YITH - openzink day Chiclana 2018<\/title>\n<meta name=\"robots\" content=\"index, follow, max-snippet:-1, max-image-preview:large, max-video-preview:-1\" \/>\n<link rel=\"canonical\" href=\"https:\/\/www.openzink.org\/openzink-day-chiclana-2018\/patrocinadores\/yith\/\" \/>\n<meta property=\"og:locale\" content=\"es_ES\" \/>\n<meta property=\"og:type\" content=\"article\" \/>\n<meta property=\"og:title\" content=\"Patrocinador ORO: YITH - openzink day Chiclana 2018\" \/>\n<meta property=\"og:description\" content=\"\u00abEn&nbsp;YITH&nbsp;desarrollamos temas y plugins innovadores para sitios web basados en WooCommerce. Durante a\u00f1os nuestra filosof\u00eda ha estado basada en la simplicidad y la efectividad como conceptos b\u00e1sicos requeridos en cualquier negocio online profesional. Nuestra joya de la corona, lo que nos enorgullece, es la alta calidad de nuestro servicio de soporte, a trav\u00e9s del cual &hellip; Sigue leyendo Patrocinador ORO: YITH\" \/>\n<meta property=\"og:url\" content=\"https:\/\/www.openzink.org\/openzink-day-chiclana-2018\/patrocinadores\/yith\/\" \/>\n<meta property=\"og:site_name\" content=\"openzink day Chiclana 2018\" \/>\n<meta property=\"article:modified_time\" content=\"2018-11-29T08:42:11+00:00\" \/>\n<meta property=\"og:image\" content=\"https:\/\/www.openzink.org\/openzink-day-chiclana-2018\/wp-content\/uploads\/sites\/2\/2018\/10\/logo-yith-300x165.png\" \/>\n\t<meta property=\"og:image:width\" content=\"300\" \/>\n\t<meta property=\"og:image:height\" content=\"165\" \/>\n<meta name=\"twitter:card\" content=\"summary_large_image\" \/>\n<script type=\"application\/ld+json\" class=\"yoast-schema-graph\">{\"@context\":\"https:\/\/schema.org\",\"@graph\":[{\"@type\":\"WebSite\",\"@id\":\"https:\/\/www.openzink.org\/openzink-day-chiclana-2018\/#website\",\"url\":\"https:\/\/www.openzink.org\/openzink-day-chiclana-2018\/\",\"name\":\"openzink day Chiclana 2018\",\"description\":\"e-commerce, marketing digital y negocios online\",\"potentialAction\":[{\"@type\":\"SearchAction\",\"target\":\"https:\/\/www.openzink.org\/openzink-day-chiclana-2018\/?s={search_term_string}\",\"query-input\":\"required name=search_term_string\"}],\"inLanguage\":\"es\"},{\"@type\":\"ImageObject\",\"@id\":\"https:\/\/www.openzink.org\/openzink-day-chiclana-2018\/patrocinadores\/yith\/#primaryimage\",\"inLanguage\":\"es\",\"url\":\"https:\/\/www.openzink.org\/openzink-day-chiclana-2018\/wp-content\/uploads\/sites\/2\/2018\/10\/logo-yith-300x165.png\",\"width\":300,\"height\":165,\"caption\":\"Patrocinador Oro: Yith\"},{\"@type\":\"WebPage\",\"@id\":\"https:\/\/www.openzink.org\/openzink-day-chiclana-2018\/patrocinadores\/yith\/#webpage\",\"url\":\"https:\/\/www.openzink.org\/openzink-day-chiclana-2018\/patrocinadores\/yith\/\",\"name\":\"Patrocinador ORO: YITH - openzink day Chiclana 2018\",\"isPartOf\":{\"@id\":\"https:\/\/www.openzink.org\/openzink-day-chiclana-2018\/#website\"},\"primaryImageOfPage\":{\"@id\":\"https:\/\/www.openzink.org\/openzink-day-chiclana-2018\/patrocinadores\/yith\/#primaryimage\"},\"datePublished\":\"2018-10-23T08:17:36+00:00\",\"dateModified\":\"2018-11-29T08:42:11+00:00\",\"inLanguage\":\"es\",\"potentialAction\":[{\"@type\":\"ReadAction\",\"target\":[\"https:\/\/www.openzink.org\/openzink-day-chiclana-2018\/patrocinadores\/yith\/\"]}]}]}<\/script>\n<!-- \/ Yoast SEO plugin. -->","_links":{"self":[{"href":"https:\/\/www.openzink.org\/openzink-day-chiclana-2018\/wp-json\/wp\/v2\/pages\/830"}],"collection":[{"href":"https:\/\/www.openzink.org\/openzink-day-chiclana-2018\/wp-json\/wp\/v2\/pages"}],"about":[{"href":"https:\/\/www.openzink.org\/openzink-day-chiclana-2018\/wp-json\/wp\/v2\/types\/page"}],"author":[{"embeddable":true,"href":"https:\/\/www.openzink.org\/openzink-day-chiclana-2018\/wp-json\/wp\/v2\/users\/3"}],"replies":[{"embeddable":true,"href":"https:\/\/www.openzink.org\/openzink-day-chiclana-2018\/wp-json\/wp\/v2\/comments?post=830"}],"version-history":[{"count":8,"href":"https:\/\/www.openzink.org\/openzink-day-chiclana-2018\/wp-json\/wp\/v2\/pages\/830\/revisions"}],"predecessor-version":[{"id":1156,"href":"https:\/\/www.openzink.org\/openzink-day-chiclana-2018\/wp-json\/wp\/v2\/pages\/830\/revisions\/1156"}],"up":[{"embeddable":true,"href":"https:\/\/www.openzink.org\/openzink-day-chiclana-2018\/wp-json\/wp\/v2\/pages\/29"}],"wp:featuredmedia":[{"embeddable":true,"href":"https:\/\/www.openzink.org\/openzink-day-chiclana-2018\/wp-json\/wp\/v2\/media\/502"}],"wp:attachment":[{"href":"https:\/\/www.openzink.org\/openzink-day-chiclana-2018\/wp-json\/wp\/v2\/media?parent=830"}],"curies":[{"name":"wp","href":"https:\/\/api.w.org\/{rel}","templated":true}]}}