{"id":833,"date":"2018-10-23T10:19:19","date_gmt":"2018-10-23T08:19:19","guid":{"rendered":"https:\/\/www.openzink.org\/openzink-day-chiclana-2018\/?page_id=833"},"modified":"2018-11-29T09:42:11","modified_gmt":"2018-11-29T08:42:11","slug":"siteground","status":"publish","type":"page","link":"https:\/\/www.openzink.org\/openzink-day-chiclana-2018\/patrocinadores\/siteground\/","title":{"rendered":"Patrocinador ORO: SiteGround"},"content":{"rendered":"\n<figure class=\"wp-block-image\"><img loading=\"lazy\" width=\"300\" height=\"165\" src=\"https:\/\/www.openzink.org\/openzink-day-chiclana-2018\/wp-content\/uploads\/sites\/2\/2018\/10\/logo-siteground-300x165.png\" alt=\"\" class=\"wp-image-472\"\/><\/figure>\n\n\n\n<p><a href=\"https:\/\/www.siteground.es\/\" target=\"_blank\" rel=\"noreferrer noopener\">SiteGround<\/a>, con m\u00e1s de 13 a\u00f1os de experiencia en el sector, proporciona servicios de <a href=\"https:\/\/www.siteground.es\/hosting-wordpress.htm\" target=\"_blank\" rel=\"noreferrer noopener\">hosting gestionado de WordPress<\/a> de alta calidad y prestaciones. Sus servidores, disponibles en 5 centros de datos en todo el mundo, se han optimizado especialmente para WordPress tanto en velocidad como seguridad, facilitando muchos extras para los fans de WordPress: actualizaciones autom\u00e1ticas para el n\u00facleo WordPress junto con sus plugins, WordPress SuperCacher para aceleraci\u00f3n y velocidad m\u00e1ximas, Stagin, GIT, WP-Cli, Autoinstalador de WordPress para usuarios principiantes, etc\u2026 Todos desarrollados internamente por el equipo de SiteGround. Pero no por ello olvidan la importancia de las buenas caracter\u00edsticas de los alojamientos standard como el registro del nombre del dominio, el servicio de email, panel de control y precios razonables. Tambi\u00e9n disponen de un soporte t\u00e9cnico que no solo est\u00e1 disponible 24\/7 al tel\u00e9fono, chats y ticketing, sino que adem\u00e1s est\u00e1 formado de entusiastas de WordPress que te ayudar\u00e1n con incidencias espec\u00edficas de WordPress.<\/p>\n\n\n\n<p><a href=\"https:\/\/www.siteground.es\/\" target=\"_blank\" rel=\"noreferrer noopener nofollow\">SiteGround<\/a> participa activamente involucr\u00e1ndose con la comunidad, hablando, apoyando y asistiendo a multitud de WordCamps por todo el mundo y mediante el patrocinio de eventos WP a lo largo del a\u00f1o. Y quieren contribuir a\u00fan m\u00e1s a la incre\u00edble comunidad de WordPress.<\/p>\n","protected":false},"excerpt":{"rendered":"<p>SiteGround, con m\u00e1s de 13 a\u00f1os de experiencia en el sector, proporciona servicios de hosting gestionado de WordPress de alta calidad y prestaciones. Sus servidores, disponibles en 5 centros de datos en todo el mundo, se han optimizado especialmente para WordPress tanto en velocidad como seguridad, facilitando muchos extras para los fans de WordPress: actualizaciones &hellip; <a href=\"https:\/\/www.openzink.org\/openzink-day-chiclana-2018\/patrocinadores\/siteground\/\" class=\"more-link\">Sigue leyendo <span class=\"screen-reader-text\">Patrocinador ORO: SiteGround<\/span><\/a><\/p>\n","protected":false},"author":3,"featured_media":0,"parent":29,"menu_order":0,"comment_status":"closed","ping_status":"closed","template":"","meta":[],"yoast_head":"<!-- This site is optimized with the Yoast SEO plugin v14.9 - https:\/\/yoast.com\/wordpress\/plugins\/seo\/ -->\n<title>Patrocinador ORO: SiteGround - openzink day Chiclana 2018<\/title>\n<meta name=\"robots\" content=\"index, follow, max-snippet:-1, max-image-preview:large, max-video-preview:-1\" \/>\n<link rel=\"canonical\" href=\"https:\/\/www.openzink.org\/openzink-day-chiclana-2018\/patrocinadores\/siteground\/\" \/>\n<meta property=\"og:locale\" content=\"es_ES\" \/>\n<meta property=\"og:type\" content=\"article\" \/>\n<meta property=\"og:title\" content=\"Patrocinador ORO: SiteGround - openzink day Chiclana 2018\" \/>\n<meta property=\"og:description\" content=\"SiteGround, con m\u00e1s de 13 a\u00f1os de experiencia en el sector, proporciona servicios de hosting gestionado de WordPress de alta calidad y prestaciones. Sus servidores, disponibles en 5 centros de datos en todo el mundo, se han optimizado especialmente para WordPress tanto en velocidad como seguridad, facilitando muchos extras para los fans de WordPress: actualizaciones &hellip; Sigue leyendo Patrocinador ORO: SiteGround\" \/>\n<meta property=\"og:url\" content=\"https:\/\/www.openzink.org\/openzink-day-chiclana-2018\/patrocinadores\/siteground\/\" \/>\n<meta property=\"og:site_name\" content=\"openzink day Chiclana 2018\" \/>\n<meta property=\"article:modified_time\" content=\"2018-11-29T08:42:11+00:00\" \/>\n<meta property=\"og:image\" content=\"https:\/\/www.openzink.org\/openzink-day-chiclana-2018\/wp-content\/uploads\/sites\/2\/2018\/10\/logo-siteground-300x165.png\" \/>\n<meta name=\"twitter:card\" content=\"summary_large_image\" \/>\n<script type=\"application\/ld+json\" class=\"yoast-schema-graph\">{\"@context\":\"https:\/\/schema.org\",\"@graph\":[{\"@type\":\"WebSite\",\"@id\":\"https:\/\/www.openzink.org\/openzink-day-chiclana-2018\/#website\",\"url\":\"https:\/\/www.openzink.org\/openzink-day-chiclana-2018\/\",\"name\":\"openzink day Chiclana 2018\",\"description\":\"e-commerce, marketing digital y negocios online\",\"potentialAction\":[{\"@type\":\"SearchAction\",\"target\":\"https:\/\/www.openzink.org\/openzink-day-chiclana-2018\/?s={search_term_string}\",\"query-input\":\"required name=search_term_string\"}],\"inLanguage\":\"es\"},{\"@type\":\"ImageObject\",\"@id\":\"https:\/\/www.openzink.org\/openzink-day-chiclana-2018\/patrocinadores\/siteground\/#primaryimage\",\"inLanguage\":\"es\",\"url\":\"https:\/\/www.openzink.org\/openzink-day-chiclana-2018\/wp-content\/uploads\/sites\/2\/2018\/10\/logo-siteground-300x165.png\"},{\"@type\":\"WebPage\",\"@id\":\"https:\/\/www.openzink.org\/openzink-day-chiclana-2018\/patrocinadores\/siteground\/#webpage\",\"url\":\"https:\/\/www.openzink.org\/openzink-day-chiclana-2018\/patrocinadores\/siteground\/\",\"name\":\"Patrocinador ORO: SiteGround - openzink day Chiclana 2018\",\"isPartOf\":{\"@id\":\"https:\/\/www.openzink.org\/openzink-day-chiclana-2018\/#website\"},\"primaryImageOfPage\":{\"@id\":\"https:\/\/www.openzink.org\/openzink-day-chiclana-2018\/patrocinadores\/siteground\/#primaryimage\"},\"datePublished\":\"2018-10-23T08:19:19+00:00\",\"dateModified\":\"2018-11-29T08:42:11+00:00\",\"inLanguage\":\"es\",\"potentialAction\":[{\"@type\":\"ReadAction\",\"target\":[\"https:\/\/www.openzink.org\/openzink-day-chiclana-2018\/patrocinadores\/siteground\/\"]}]}]}<\/script>\n<!-- \/ Yoast SEO plugin. -->","_links":{"self":[{"href":"https:\/\/www.openzink.org\/openzink-day-chiclana-2018\/wp-json\/wp\/v2\/pages\/833"}],"collection":[{"href":"https:\/\/www.openzink.org\/openzink-day-chiclana-2018\/wp-json\/wp\/v2\/pages"}],"about":[{"href":"https:\/\/www.openzink.org\/openzink-day-chiclana-2018\/wp-json\/wp\/v2\/types\/page"}],"author":[{"embeddable":true,"href":"https:\/\/www.openzink.org\/openzink-day-chiclana-2018\/wp-json\/wp\/v2\/users\/3"}],"replies":[{"embeddable":true,"href":"https:\/\/www.openzink.org\/openzink-day-chiclana-2018\/wp-json\/wp\/v2\/comments?post=833"}],"version-history":[{"count":4,"href":"https:\/\/www.openzink.org\/openzink-day-chiclana-2018\/wp-json\/wp\/v2\/pages\/833\/revisions"}],"predecessor-version":[{"id":1157,"href":"https:\/\/www.openzink.org\/openzink-day-chiclana-2018\/wp-json\/wp\/v2\/pages\/833\/revisions\/1157"}],"up":[{"embeddable":true,"href":"https:\/\/www.openzink.org\/openzink-day-chiclana-2018\/wp-json\/wp\/v2\/pages\/29"}],"wp:attachment":[{"href":"https:\/\/www.openzink.org\/openzink-day-chiclana-2018\/wp-json\/wp\/v2\/media?parent=833"}],"curies":[{"name":"wp","href":"https:\/\/api.w.org\/{rel}","templated":true}]}}