{"id":966,"date":"2018-10-29T11:01:19","date_gmt":"2018-10-29T10:01:19","guid":{"rendered":"https:\/\/www.openzink.org\/openzink-day-chiclana-2018\/?page_id=966"},"modified":"2018-11-29T09:42:11","modified_gmt":"2018-11-29T08:42:11","slug":"comvive","status":"publish","type":"page","link":"https:\/\/www.openzink.org\/openzink-day-chiclana-2018\/patrocinadores\/comvive\/","title":{"rendered":"Patrocinador ORO: Comvive"},"content":{"rendered":"\n<figure class=\"wp-block-image\"><img loading=\"lazy\" width=\"300\" height=\"165\" src=\"https:\/\/www.openzink.org\/openzink-day-chiclana-2018\/wp-content\/uploads\/sites\/2\/2018\/10\/logo-comvive-300x165.png\" alt=\"Patrocinador Oro: Comvive\" class=\"wp-image-965\"\/><\/figure>\n\n\n\n<p>Te podr\u00edamos contar que tenemos los mejores servidores, el mejor datacenter, la mejor relaci\u00f3n calidad-precio, que nuestros servidores no se caen, que estamos acreditados por ESNIC, que formamos parte de ESPANIX, que tenemos sala en INTERXION y TERREMARK pero, sinceramente, <strong>lo que realmente nos diferencia es que en Comvive somos personas.<\/strong><\/p>\n\n\n\n<p>Detr\u00e1s de un formulario de contacto est\u00e1 Carmen, Rafa o Manuel. Si tienes alg\u00fan problema, Daniel te lo resuelve. Si quieres conocer en profundidad un nuevo servicio, mira tu m\u00f3vil porque tienes una llamada de Fernando. Si tienes alguna duda sobre tu factura, tienes un correo de Yolanda&#8230;\u00a0<strong>Detr\u00e1s de Comvive siempre hay alguien para atenderte<\/strong>. <a href=\"https:\/\/web.comvive.es\" target=\"_blank\" rel=\"noreferrer noopener\" aria-label=\"Detr\u00e1s de un formulario de contacto est\u00e1 Carmen, Rafa o Manuel. Si tienes alg\u00fan problema, Daniel te lo resuelve. Si quieres conocer en profundidad un nuevo servicio, mira tu m\u00f3vil porque tienes una llamada de Fernando. Si tienes alguna duda sobre tu factura, tienes un correo de Yolanda...\u00a0Detr\u00e1s de Comvive siempre hay alguien para atenderte. Comvive, estamos aqu\u00ed.\n (abre en una nueva pesta\u00f1a)\">Comvive<\/a>, estamos aqu\u00ed.<br><\/p>\n\n\n\n<p><\/p>\n","protected":false},"excerpt":{"rendered":"<p>Te podr\u00edamos contar que tenemos los mejores servidores, el mejor datacenter, la mejor relaci\u00f3n calidad-precio, que nuestros servidores no se caen, que estamos acreditados por ESNIC, que formamos parte de ESPANIX, que tenemos sala en INTERXION y TERREMARK pero, sinceramente, lo que realmente nos diferencia es que en Comvive somos personas. Detr\u00e1s de un formulario &hellip; <a href=\"https:\/\/www.openzink.org\/openzink-day-chiclana-2018\/patrocinadores\/comvive\/\" class=\"more-link\">Sigue leyendo <span class=\"screen-reader-text\">Patrocinador ORO: Comvive<\/span><\/a><\/p>\n","protected":false},"author":3,"featured_media":0,"parent":29,"menu_order":0,"comment_status":"closed","ping_status":"closed","template":"","meta":[],"yoast_head":"<!-- This site is optimized with the Yoast SEO plugin v14.9 - https:\/\/yoast.com\/wordpress\/plugins\/seo\/ -->\n<title>Patrocinador ORO: Comvive - openzink day Chiclana 2018<\/title>\n<meta name=\"robots\" content=\"index, follow, max-snippet:-1, max-image-preview:large, max-video-preview:-1\" \/>\n<link rel=\"canonical\" href=\"https:\/\/www.openzink.org\/openzink-day-chiclana-2018\/patrocinadores\/comvive\/\" \/>\n<meta property=\"og:locale\" content=\"es_ES\" \/>\n<meta property=\"og:type\" content=\"article\" \/>\n<meta property=\"og:title\" content=\"Patrocinador ORO: Comvive - openzink day Chiclana 2018\" \/>\n<meta property=\"og:description\" content=\"Te podr\u00edamos contar que tenemos los mejores servidores, el mejor datacenter, la mejor relaci\u00f3n calidad-precio, que nuestros servidores no se caen, que estamos acreditados por ESNIC, que formamos parte de ESPANIX, que tenemos sala en INTERXION y TERREMARK pero, sinceramente, lo que realmente nos diferencia es que en Comvive somos personas. Detr\u00e1s de un formulario &hellip; Sigue leyendo Patrocinador ORO: Comvive\" \/>\n<meta property=\"og:url\" content=\"https:\/\/www.openzink.org\/openzink-day-chiclana-2018\/patrocinadores\/comvive\/\" \/>\n<meta property=\"og:site_name\" content=\"openzink day Chiclana 2018\" \/>\n<meta property=\"article:modified_time\" content=\"2018-11-29T08:42:11+00:00\" \/>\n<meta property=\"og:image\" content=\"https:\/\/www.openzink.org\/openzink-day-chiclana-2018\/wp-content\/uploads\/sites\/2\/2018\/10\/logo-comvive-300x165.png\" \/>\n<meta name=\"twitter:card\" content=\"summary_large_image\" \/>\n<script type=\"application\/ld+json\" class=\"yoast-schema-graph\">{\"@context\":\"https:\/\/schema.org\",\"@graph\":[{\"@type\":\"WebSite\",\"@id\":\"https:\/\/www.openzink.org\/openzink-day-chiclana-2018\/#website\",\"url\":\"https:\/\/www.openzink.org\/openzink-day-chiclana-2018\/\",\"name\":\"openzink day Chiclana 2018\",\"description\":\"e-commerce, marketing digital y negocios online\",\"potentialAction\":[{\"@type\":\"SearchAction\",\"target\":\"https:\/\/www.openzink.org\/openzink-day-chiclana-2018\/?s={search_term_string}\",\"query-input\":\"required name=search_term_string\"}],\"inLanguage\":\"es\"},{\"@type\":\"ImageObject\",\"@id\":\"https:\/\/www.openzink.org\/openzink-day-chiclana-2018\/patrocinadores\/comvive\/#primaryimage\",\"inLanguage\":\"es\",\"url\":\"https:\/\/www.openzink.org\/openzink-day-chiclana-2018\/wp-content\/uploads\/sites\/2\/2018\/10\/logo-comvive-300x165.png\"},{\"@type\":\"WebPage\",\"@id\":\"https:\/\/www.openzink.org\/openzink-day-chiclana-2018\/patrocinadores\/comvive\/#webpage\",\"url\":\"https:\/\/www.openzink.org\/openzink-day-chiclana-2018\/patrocinadores\/comvive\/\",\"name\":\"Patrocinador ORO: Comvive - openzink day Chiclana 2018\",\"isPartOf\":{\"@id\":\"https:\/\/www.openzink.org\/openzink-day-chiclana-2018\/#website\"},\"primaryImageOfPage\":{\"@id\":\"https:\/\/www.openzink.org\/openzink-day-chiclana-2018\/patrocinadores\/comvive\/#primaryimage\"},\"datePublished\":\"2018-10-29T10:01:19+00:00\",\"dateModified\":\"2018-11-29T08:42:11+00:00\",\"inLanguage\":\"es\",\"potentialAction\":[{\"@type\":\"ReadAction\",\"target\":[\"https:\/\/www.openzink.org\/openzink-day-chiclana-2018\/patrocinadores\/comvive\/\"]}]}]}<\/script>\n<!-- \/ Yoast SEO plugin. -->","_links":{"self":[{"href":"https:\/\/www.openzink.org\/openzink-day-chiclana-2018\/wp-json\/wp\/v2\/pages\/966"}],"collection":[{"href":"https:\/\/www.openzink.org\/openzink-day-chiclana-2018\/wp-json\/wp\/v2\/pages"}],"about":[{"href":"https:\/\/www.openzink.org\/openzink-day-chiclana-2018\/wp-json\/wp\/v2\/types\/page"}],"author":[{"embeddable":true,"href":"https:\/\/www.openzink.org\/openzink-day-chiclana-2018\/wp-json\/wp\/v2\/users\/3"}],"replies":[{"embeddable":true,"href":"https:\/\/www.openzink.org\/openzink-day-chiclana-2018\/wp-json\/wp\/v2\/comments?post=966"}],"version-history":[{"count":9,"href":"https:\/\/www.openzink.org\/openzink-day-chiclana-2018\/wp-json\/wp\/v2\/pages\/966\/revisions"}],"predecessor-version":[{"id":1273,"href":"https:\/\/www.openzink.org\/openzink-day-chiclana-2018\/wp-json\/wp\/v2\/pages\/966\/revisions\/1273"}],"up":[{"embeddable":true,"href":"https:\/\/www.openzink.org\/openzink-day-chiclana-2018\/wp-json\/wp\/v2\/pages\/29"}],"wp:attachment":[{"href":"https:\/\/www.openzink.org\/openzink-day-chiclana-2018\/wp-json\/wp\/v2\/media?parent=966"}],"curies":[{"name":"wp","href":"https:\/\/api.w.org\/{rel}","templated":true}]}}